{"id":5083,"date":"2026-01-09T04:54:10","date_gmt":"2026-01-09T04:54:10","guid":{"rendered":"https:\/\/solivexa.com\/?post_type=product&#038;p=5083"},"modified":"2026-01-15T02:31:05","modified_gmt":"2026-01-15T02:31:05","slug":"ninja-crispi-pro-6-in-1-countertop-glass-air-fryer-ash-gray","status":"publish","type":"product","link":"https:\/\/solivexa.com\/es\/producto\/ninja-crispi-pro-6-in-1-countertop-glass-air-fryer-ash-gray\/","title":{"rendered":"Freidora de aire Ninja Crispi\u00ae Pro 6 en 1 de encimera de vidrio, gris ceniza"},"content":{"rendered":"<div id=\"feature-bullets\"><\/div>\n<div>\n<p>La freidora de aire sobre encimera Ninja Crispi\u00ae Pro con base de vidrio es una freidora de aire ajustable de 1800 vatios hecha para estar sobre tu encimera, creada para familias y fiestas. Con 6 funciones personalizables y control preciso de temperatura, ofrece resultados perfectos cada vez. Sirve hasta para 10 personas con la cristaler\u00eda CleanCrisp\u2122 de 6 cuartos o prepara una comida r\u00e1pida con la cristaler\u00eda CleanCrisp\u2122 de 2.5 cuartos incluida. La base modular se adapta a m\u00faltiples tama\u00f1os de cristaler\u00eda, incluyendo los recipientes de 2.5, 4 y 6 cuartos. Hecha de vidrio resistente a choques t\u00e9rmicos y dise\u00f1ada para cocinar y almacenar sin t\u00f3xicos, es duradera y vers\u00e1til, perfecta para multitudes, sobras y platillos de fiesta.<\/p>\n<ul>\n<li>SISTEMA DE COCINA FAMILIAR: Cristaler\u00eda de 6 y 2.5 cuartos, tapas de almacenamiento, placas crujientes y base modular para cualquier ocasi\u00f3n.<\/li>\n<li>POTENTE SISTEMA DE COCINA: Freidora de aire de 1800 vatios que puede cocinar un pollo de 3.4 kg, alimentando hasta 10 personas.<\/li>\n<li>CAPACIDAD VERS\u00c1TIL: La base modular se ajusta para adaptarse a los recipientes de vidrio CleanCrisp\u2122 de 2.5, 4 y 6 cuartos para comidas diarias o familiares.<\/li>\n<li>NO T\u00d3XICO Y DURADERO: Los recipientes de vidrio CleanCrisp\u2122 est\u00e1n dise\u00f1ados para cocinar y almacenar alimentos de forma no t\u00f3xica. Los recipientes de vidrio CleanCrisp\u2122 tambi\u00e9n son resistentes al choque t\u00e9rmico: pases de congelado a crujiente en minutos.<\/li>\n<li>Funciones personalizables de 6 en 1: Max Crisp, Freidora de aire, Hornear\/Leudar, Rostizar, Recrispar y Deshidratar.<\/li>\n<li>CONTROL DE TEMPERATURA: Cocina con precisi\u00f3n y consistencia gracias al control de temperatura exacto para obtener resultados perfectos en todo momento.<\/li>\n<\/ul>\n<\/div>","protected":false},"excerpt":{"rendered":"<p>&#8230;<\/p>","protected":false},"featured_media":5087,"comment_status":"open","ping_status":"closed","template":"","meta":[],"etheme_brands":[],"product_brand":[],"product_cat":[99],"product_tag":[],"class_list":{"0":"post-5083","1":"product","2":"type-product","3":"status-publish","4":"has-post-thumbnail","6":"product_cat-cooking-essentials","8":"first","9":"instock","10":"sale","11":"shipping-taxable","12":"purchasable","13":"product-type-variable"},"_links":{"self":[{"href":"https:\/\/solivexa.com\/es\/wp-json\/wp\/v2\/product\/5083","targetHints":{"allow":["GET"]}}],"collection":[{"href":"https:\/\/solivexa.com\/es\/wp-json\/wp\/v2\/product"}],"about":[{"href":"https:\/\/solivexa.com\/es\/wp-json\/wp\/v2\/types\/product"}],"replies":[{"embeddable":true,"href":"https:\/\/solivexa.com\/es\/wp-json\/wp\/v2\/comments?post=5083"}],"version-history":[{"count":0,"href":"https:\/\/solivexa.com\/es\/wp-json\/wp\/v2\/product\/5083\/revisions"}],"wp:featuredmedia":[{"embeddable":true,"href":"https:\/\/solivexa.com\/es\/wp-json\/wp\/v2\/media\/5087"}],"wp:attachment":[{"href":"https:\/\/solivexa.com\/es\/wp-json\/wp\/v2\/media?parent=5083"}],"wp:term":[{"taxonomy":"brand","embeddable":true,"href":"https:\/\/solivexa.com\/es\/wp-json\/wp\/v2\/etheme_brands?post=5083"},{"taxonomy":"product_brand","embeddable":true,"href":"https:\/\/solivexa.com\/es\/wp-json\/wp\/v2\/product_brand?post=5083"},{"taxonomy":"product_cat","embeddable":true,"href":"https:\/\/solivexa.com\/es\/wp-json\/wp\/v2\/product_cat?post=5083"},{"taxonomy":"product_tag","embeddable":true,"href":"https:\/\/solivexa.com\/es\/wp-json\/wp\/v2\/product_tag?post=5083"}],"curies":[{"name":"wp","href":"https:\/\/api.w.org\/{rel}","templated":true}]}}