{"id":5084,"date":"2026-01-09T04:54:10","date_gmt":"2026-01-09T04:54:10","guid":{"rendered":"https:\/\/solivexa.com\/?post_type=product&#038;p=5084"},"modified":"2026-01-15T02:31:06","modified_gmt":"2026-01-15T02:31:06","slug":"ninja-crispi-4-in-1-portable-glass-air-fryer-cooking-system-mango-clouds","status":"publish","type":"product","link":"https:\/\/solivexa.com\/es\/producto\/ninja-crispi-4-in-1-portable-glass-air-fryer-cooking-system-mango-clouds\/","title":{"rendered":"Sistema de cocina Ninja Crispi\u00ae 4 en 1, freidora de aire port\u00e1til de cristal, nubes de mango"},"content":{"rendered":"<div id=\"feature-bullets\"><\/div>\n<div>\n<p>El Sistema de Cocci\u00f3n Port\u00e1til de Vidrio Ninja Crispi\u00ae es una potencia compacta que concentra la potencia de 1500W de una freidora de aire de tama\u00f1o completo* en un dise\u00f1o port\u00e1til. Incluye un recipiente CleanCrisp\u2122 peque\u00f1o de 6 tazas y uno m\u00e1s grande de 4 cuartos. Ya sea que prepares comidas r\u00e1pidas para una sola persona en solo 7 minutos o compartas bocadillos crujientes sobre la marcha, el Ninja Crispi\u00ae lo hace sin esfuerzo. Dise\u00f1ado para cocinar y almacenar de forma no t\u00f3xica, sin qu\u00edmicos permanentes como PFAS y PTFE. Todos los accesorios Ninja Crispi\u00ae son aptos para lavavajillas y encajables para una f\u00e1cil limpieza y almacenamiento. *Basado en la potencia en comparaci\u00f3n con la Ninja AF100<\/p>\n<ul>\n<li>SISTEMA TODO EN UNO: Incluye el Ninja Crispi\u00ae PowerPod\u2122, recipientes de vidrio CleanCrisp\u2122 de 4 cuartos (aprox. 3.7 litros) y 6 tazas (aprox. 1.4 litros), y 2 tapas de almacenamiento.<\/li>\n<li>NINJA CRSIPI\u00ae POWERPOD\u2122: El poder de una freidora de aire de tama\u00f1o completo* ahora en la palma de tu mano. *Potencia comparada con la Ninja AF100<\/li>\n<li>RECIPIENTES PEQUE\u00d1OS Y GRANDES: El recipiente de 6 tazas cocina una comida individual en 7 minutos, mientras que el de 4 cuartos de gal\u00f3n (aprox. 3.8 litros) permite cocinar un pollo de 1.8 kg (4 lb) con verduras.<\/li>\n<li>CONTENEDORES NO T\u00d3XICOS: La cristaler\u00eda CleanCrisp\u2122 est\u00e1 dise\u00f1ada para cocinar y almacenar alimentos sin t\u00f3xicos.<\/li>\n<li>FUNCIONALIDAD 4 EN 1: Max Crisp, Hornear, Fre\u00edr con aire y Recrispar<\/li>\n<\/ul>\n<div class=\"product-detail-attributes\">\n<div class=\"item-row justify-content-center\"><span class=\"pd-attribute-label\">Modelo:<\/span><span class=\"pd-attribute-value\">FN101ORPR<\/span><\/div>\n<div class=\"item-row justify-content-center\"><span class=\"pd-attribute-label\">Color:<\/span><span class=\"pd-attribute-value\">Nubes de Mango<\/span><\/div>\n<div class=\"item-row justify-content-center\"><span class=\"pd-attribute-label\">Garant\u00eda (a\u00f1os):<\/span><span class=\"pd-attribute-value\">1<\/span><\/div>\n<div class=\"item-row justify-content-center\"><span class=\"pd-attribute-label\">Dimensiones del producto:<\/span><span class=\"pd-attribute-value\">13.39 pulgadas de largo x 11.97 pulgadas de ancho x 13.58 pulgadas de alto<\/span><\/div>\n<\/div>\n<\/div>","protected":false},"excerpt":{"rendered":"<p>&#8230;<\/p>","protected":false},"featured_media":5116,"comment_status":"open","ping_status":"closed","template":"","meta":[],"etheme_brands":[],"product_brand":[],"product_cat":[99],"product_tag":[],"class_list":{"0":"post-5084","1":"product","2":"type-product","3":"status-publish","4":"has-post-thumbnail","6":"product_cat-cooking-essentials","8":"first","9":"instock","10":"sale","11":"shipping-taxable","12":"purchasable","13":"product-type-variable"},"_links":{"self":[{"href":"https:\/\/solivexa.com\/es\/wp-json\/wp\/v2\/product\/5084","targetHints":{"allow":["GET"]}}],"collection":[{"href":"https:\/\/solivexa.com\/es\/wp-json\/wp\/v2\/product"}],"about":[{"href":"https:\/\/solivexa.com\/es\/wp-json\/wp\/v2\/types\/product"}],"replies":[{"embeddable":true,"href":"https:\/\/solivexa.com\/es\/wp-json\/wp\/v2\/comments?post=5084"}],"version-history":[{"count":0,"href":"https:\/\/solivexa.com\/es\/wp-json\/wp\/v2\/product\/5084\/revisions"}],"wp:featuredmedia":[{"embeddable":true,"href":"https:\/\/solivexa.com\/es\/wp-json\/wp\/v2\/media\/5116"}],"wp:attachment":[{"href":"https:\/\/solivexa.com\/es\/wp-json\/wp\/v2\/media?parent=5084"}],"wp:term":[{"taxonomy":"brand","embeddable":true,"href":"https:\/\/solivexa.com\/es\/wp-json\/wp\/v2\/etheme_brands?post=5084"},{"taxonomy":"product_brand","embeddable":true,"href":"https:\/\/solivexa.com\/es\/wp-json\/wp\/v2\/product_brand?post=5084"},{"taxonomy":"product_cat","embeddable":true,"href":"https:\/\/solivexa.com\/es\/wp-json\/wp\/v2\/product_cat?post=5084"},{"taxonomy":"product_tag","embeddable":true,"href":"https:\/\/solivexa.com\/es\/wp-json\/wp\/v2\/product_tag?post=5084"}],"curies":[{"name":"wp","href":"https:\/\/api.w.org\/{rel}","templated":true}]}}