{"id":5100,"date":"2026-01-09T04:54:55","date_gmt":"2026-01-09T04:54:55","guid":{"rendered":"https:\/\/solivexa.com\/?post_type=product&#038;p=5100"},"modified":"2026-01-15T02:31:05","modified_gmt":"2026-01-15T02:31:05","slug":"ninja-slushi-max-smart-frozen-drink-maker-150-oz-blue-peach","status":"publish","type":"product","link":"https:\/\/solivexa.com\/es\/producto\/ninja-slushi-max-smart-frozen-drink-maker-150-oz-blue-peach\/","title":{"rendered":"M\u00e1quina de Bebidas Congeladas Inteligente Ninja SLUSHi\u2122 Max de 150 oz, Azul y Durazno"},"content":{"rendered":"<div id=\"feature-bullets\">\n<ul>\n<li>LA M\u00c1QUINA DE BEBIDAS CONGELADAS M\u00c1S INTELIGENTE, R\u00c1PIDA Y POTENTE*. SLUSHi Max es 2 veces m\u00e1s grande y 2 veces m\u00e1s r\u00e1pida** que la SLUSHi\u00ae Ninja original. La exclusiva tecnolog\u00eda SlushAssist de Ninja es tu experta en escena, detectando tus ingredientes l\u00edquidos y ajustando autom\u00e1ticamente la temperatura para obtener resultados perfectos sin adivinar. *vs. las m\u00e1quinas de granizados para consumidores en el mercado de Amazon, bas\u00e1ndose en el contenido m\u00e1ximo de alcohol y el tiempo de preparaci\u00f3n del granizado. **Las recetas pueden variar.\n<ul>\n<li>SIN ADIVINANZAS: SlushAssist\u2122 detecta los ingredientes y se autoajusta para obtener un granizado perfecto.<\/li>\n<li>2X M\u00c1S R\u00c1PIDO*: Transforma l\u00edquidos en raspados sin necesidad de hielo, ahora m\u00e1s r\u00e1pido*. *vs. Ninja\u00ae FS3<\/li>\n<li>6 programas: Ofrece configuraciones de temperatura personalizadas para una variedad de bebidas congeladas.<\/li>\n<li>2X M\u00c1S GRANDE*: M\u00e1s de nuestras granizadas. M\u00e1s diversi\u00f3n. Organiza la fiesta definitiva con una capacidad de 150 onzas. *vs Ninja\u00ae FS3<\/li>\n<li>M\u00c1S POSIBILIDADES DE BEBIDAS: Ahora crea recetas con mayor contenido de alcohol*. *vs Ninja\u00ae FS3<\/li>\n<li>LIMPIEZA SIN MOLESTIAS: Piezas aptas para lavavajillas y un ciclo de enjuague f\u00e1cil de usar.<\/li>\n<\/ul>\n<div class=\"product-detail-attributes\">\n<div class=\"item-row justify-content-center\"><span class=\"pd-attribute-label\">Modelo:<\/span><span class=\"pd-attribute-value\">FS605<\/span><\/div>\n<div class=\"item-row justify-content-center\"><span class=\"pd-attribute-label\">Color:<\/span><span class=\"pd-attribute-value\">Azul y Melocot\u00f3n<\/span><\/div>\n<div class=\"item-row justify-content-center\"><span class=\"pd-attribute-label\">Garant\u00eda (a\u00f1os):<\/span><span class=\"pd-attribute-value\">1<\/span><\/div>\n<div class=\"item-row justify-content-center\"><span class=\"pd-attribute-label\">Dimensiones del producto:<\/span><span class=\"pd-attribute-value\">19.25 pulg de Largo x 7.91 pulg de Ancho x 17.0 pulg de Alto<\/span><\/div>\n<\/div>\n<\/li>\n<\/ul>\n<\/div>","protected":false},"excerpt":{"rendered":"<p>&#8230;<\/p>","protected":false},"featured_media":5154,"comment_status":"open","ping_status":"closed","template":"","meta":[],"etheme_brands":[],"product_brand":[],"product_cat":[99],"product_tag":[],"class_list":{"0":"post-5100","1":"product","2":"type-product","3":"status-publish","4":"has-post-thumbnail","6":"product_cat-cooking-essentials","8":"first","9":"instock","10":"sale","11":"shipping-taxable","12":"purchasable","13":"product-type-variable"},"_links":{"self":[{"href":"https:\/\/solivexa.com\/es\/wp-json\/wp\/v2\/product\/5100","targetHints":{"allow":["GET"]}}],"collection":[{"href":"https:\/\/solivexa.com\/es\/wp-json\/wp\/v2\/product"}],"about":[{"href":"https:\/\/solivexa.com\/es\/wp-json\/wp\/v2\/types\/product"}],"replies":[{"embeddable":true,"href":"https:\/\/solivexa.com\/es\/wp-json\/wp\/v2\/comments?post=5100"}],"version-history":[{"count":0,"href":"https:\/\/solivexa.com\/es\/wp-json\/wp\/v2\/product\/5100\/revisions"}],"wp:featuredmedia":[{"embeddable":true,"href":"https:\/\/solivexa.com\/es\/wp-json\/wp\/v2\/media\/5154"}],"wp:attachment":[{"href":"https:\/\/solivexa.com\/es\/wp-json\/wp\/v2\/media?parent=5100"}],"wp:term":[{"taxonomy":"brand","embeddable":true,"href":"https:\/\/solivexa.com\/es\/wp-json\/wp\/v2\/etheme_brands?post=5100"},{"taxonomy":"product_brand","embeddable":true,"href":"https:\/\/solivexa.com\/es\/wp-json\/wp\/v2\/product_brand?post=5100"},{"taxonomy":"product_cat","embeddable":true,"href":"https:\/\/solivexa.com\/es\/wp-json\/wp\/v2\/product_cat?post=5100"},{"taxonomy":"product_tag","embeddable":true,"href":"https:\/\/solivexa.com\/es\/wp-json\/wp\/v2\/product_tag?post=5100"}],"curies":[{"name":"wp","href":"https:\/\/api.w.org\/{rel}","templated":true}]}}