{"id":5324,"date":"2026-01-09T05:04:49","date_gmt":"2026-01-09T05:04:49","guid":{"rendered":"https:\/\/solivexa.com\/product\/hamilton-beach-dual-breakfast-sandwich-maker-with-timer-silver-25490a\/"},"modified":"2026-04-09T20:30:36","modified_gmt":"2026-04-09T20:30:36","slug":"hamilton-beach-dual-breakfast-sandwich-maker-with-timer-silver-25490a","status":"publish","type":"product","link":"https:\/\/solivexa.com\/es\/producto\/hamilton-beach-dual-breakfast-sandwich-maker-with-timer-silver-25490a\/","title":{"rendered":"Hamilton Beach Sandwichera Doble para Desayuno con Temporizador. Plateado (25490A)"},"content":{"rendered":"<div>\r\n<div><img decoding=\"async\" src=\"https:\/\/images-na.ssl-images-amazon.com\/images\/G\/01\/x-locale\/common\/grey-pixel.gif\/\" alt=\"\u65e9\u9910\" \/><noscript><img alt=\"breakfast\" sandwich makers src=\"https:\/\/m.media-amazon.com\/images\/S\/aplus-media-library-service-media\/822f0795-be34-4391-8a51-f113b59e9929.__CR511.465.5105.1579_PT0_SX970_V1___.jpg\" ><\/noscript><\/div>\r\n<div><hr class=\"bucketDivider\" noshade=\"noshade\" size=\"1\" \/>\r\n<h2>Del fabricante<\/h2>\r\n<div lang=\"en_US\">\r\n<div class=\"aplus-v2 desktop celwidget\" data-csa-c-id=\"uj3d6c-78fcch-liqk50-44i8i\">\r\n<div class=\"celwidget aplus-module module-11 aplus-standard\" data-csa-c-id=\"ltrfuu-cxrdc1-ow600e-pj14k7\">\r\n<div class=\"aplus-module-wrapper apm-spacing apm-floatnone apm-fixed-width\">\r\n<div class=\"apm-sidemodule aplus-module-content\">\r\n<div class=\"apm-hero-image\"><img decoding=\"async\" class=\"\" src=\"https:\/\/m.media-amazon.com\/images\/S\/aplus-media-library-service-media\/9ed47eb1-a75d-4827-bbcf-7d563db43f42.__CR1,0,3599,1113_PT0_SX970_V1___.jpg\" alt=\"dual breakfast sandwich maker\" data-src=\"https:\/\/m.media-amazon.com\/images\/S\/aplus-media-library-service-media\/9ed47eb1-a75d-4827-bbcf-7d563db43f42.__CR1,0,3599,1113_PT0_SX970_V1___.jpg\" \/><\/div>\r\n<\/div>\r\n<\/div>\r\n<div>\u00a0<\/div>\r\n<\/div>\r\n<div class=\"celwidget aplus-module module-11 aplus-standard\" data-csa-c-id=\"8qgk6v-1qaq30-tliuax-r7nmsc\">\r\n<div class=\"aplus-module-wrapper apm-spacing apm-floatnone apm-fixed-width\">\r\n<div class=\"apm-sidemodule aplus-module-content\">\r\n<div class=\"apm-hero-image\"><img decoding=\"async\" class=\"\" src=\"https:\/\/m.media-amazon.com\/images\/S\/aplus-media-library-service-media\/8a578c7c-997b-4b9f-bb8f-4d4f030ee051.__CR1,0,3599,1113_PT0_SX970_V1___.jpg\" alt=\"breakfast sandwich maker\" data-src=\"https:\/\/m.media-amazon.com\/images\/S\/aplus-media-library-service-media\/8a578c7c-997b-4b9f-bb8f-4d4f030ee051.__CR1,0,3599,1113_PT0_SX970_V1___.jpg\" \/><\/div>\r\n<\/div>\r\n<\/div>\r\n<div>\u00a0<\/div>\r\n<\/div>\r\n<div class=\"celwidget aplus-module 3p-module-b aplus-standard\" data-csa-c-id=\"50fnbg-51uy4b-x5z1g2-hqdjrf\">\r\n<div class=\"aplus-module-wrapper aplus-3p-fixed-width\"><img decoding=\"async\" class=\"a-spacing-base\" src=\"https:\/\/m.media-amazon.com\/images\/S\/aplus-media-library-service-media\/97848a98-b69f-4480-bf96-0c22e8b59c84.__CR0,0,3600,2227_PT0_SX970_V1___.jpg\" alt=\"breakfast sandwich makers\" data-src=\"https:\/\/m.media-amazon.com\/images\/S\/aplus-media-library-service-media\/97848a98-b69f-4480-bf96-0c22e8b59c84.__CR0,0,3600,2227_PT0_SX970_V1___.jpg\" \/><\/div>\r\n<\/div>\r\n<div class=\"celwidget aplus-module module-11 aplus-standard\" data-csa-c-id=\"3ve5py-nqvgvk-5jrc6g-x621k5\">\r\n<div class=\"aplus-module-wrapper apm-spacing apm-floatnone apm-fixed-width\">\r\n<div class=\"apm-sidemodule aplus-module-content\">\r\n<div class=\"apm-hero-image\"><img decoding=\"async\" class=\"\" src=\"https:\/\/m.media-amazon.com\/images\/S\/aplus-media-library-service-media\/cbced9d1-b409-4398-9039-acc78d1098ea.__CR1,0,3599,1113_PT0_SX970_V1___.jpg\" alt=\"breakfast sandwich makers\" data-src=\"https:\/\/m.media-amazon.com\/images\/S\/aplus-media-library-service-media\/cbced9d1-b409-4398-9039-acc78d1098ea.__CR1,0,3599,1113_PT0_SX970_V1___.jpg\" \/><\/div>\r\n<\/div>\r\n<\/div>\r\n<\/div>\r\n<\/div>\r\n<\/div>\r\n<\/div>\r\n<\/div>\r\n\r\n<p>&nbsp;<\/p>","protected":false},"excerpt":{"rendered":"<p>\ud83c\udf81 Regalo Perfecto: Ideal para cumplea\u00f1os, intercambio de regalos o D\u00eda del Padre<br data-start=\"258\" data-end=\"261\" \/>\ud83e\udd6a Rinde 1\u20132 s\u00e1ndwiches: Ideal para parejas, ni\u00f1os o invitados<br data-start=\"320\" data-end=\"323\" \/>\u23f1\ufe0f \u00a1Listo en 5 minutos! Desayuno, almuerzo o cena, r\u00e1pido.<br data-start=\"378\" data-end=\"381\" \/>\ud83c\udfe0 El sabor casero es mejor: Olv\u00eddate de la comida r\u00e1pida y los s\u00e1ndwiches congelados<br data-start=\"444\" data-end=\"447\" \/>\ud83e\udd5a Usa ingredientes frescos: Personaliza pan, queso, huevos, carnes y m\u00e1s<br data-start=\"516\" data-end=\"519\" \/>\ud83d\udd14 Temporizador de cuenta regresiva: Te avisa cuando termina<br data-start=\"569\" data-end=\"572\" \/>\u2705 4 Pasos Sencillos: Configuraci\u00f3n simple, sin salir de casa<\/p>","protected":false},"featured_media":5323,"comment_status":"open","ping_status":"closed","template":"","meta":[],"etheme_brands":[],"product_brand":[],"product_cat":[99],"product_tag":[],"class_list":{"0":"post-5324","1":"product","2":"type-product","3":"status-publish","4":"has-post-thumbnail","6":"product_cat-cooking-essentials","8":"first","9":"instock","10":"sale","11":"shipping-taxable","12":"purchasable","13":"product-type-simple"},"_links":{"self":[{"href":"https:\/\/solivexa.com\/es\/wp-json\/wp\/v2\/product\/5324","targetHints":{"allow":["GET"]}}],"collection":[{"href":"https:\/\/solivexa.com\/es\/wp-json\/wp\/v2\/product"}],"about":[{"href":"https:\/\/solivexa.com\/es\/wp-json\/wp\/v2\/types\/product"}],"replies":[{"embeddable":true,"href":"https:\/\/solivexa.com\/es\/wp-json\/wp\/v2\/comments?post=5324"}],"version-history":[{"count":1,"href":"https:\/\/solivexa.com\/es\/wp-json\/wp\/v2\/product\/5324\/revisions"}],"predecessor-version":[{"id":6310,"href":"https:\/\/solivexa.com\/es\/wp-json\/wp\/v2\/product\/5324\/revisions\/6310"}],"wp:featuredmedia":[{"embeddable":true,"href":"https:\/\/solivexa.com\/es\/wp-json\/wp\/v2\/media\/5323"}],"wp:attachment":[{"href":"https:\/\/solivexa.com\/es\/wp-json\/wp\/v2\/media?parent=5324"}],"wp:term":[{"taxonomy":"brand","embeddable":true,"href":"https:\/\/solivexa.com\/es\/wp-json\/wp\/v2\/etheme_brands?post=5324"},{"taxonomy":"product_brand","embeddable":true,"href":"https:\/\/solivexa.com\/es\/wp-json\/wp\/v2\/product_brand?post=5324"},{"taxonomy":"product_cat","embeddable":true,"href":"https:\/\/solivexa.com\/es\/wp-json\/wp\/v2\/product_cat?post=5324"},{"taxonomy":"product_tag","embeddable":true,"href":"https:\/\/solivexa.com\/es\/wp-json\/wp\/v2\/product_tag?post=5324"}],"curies":[{"name":"wp","href":"https:\/\/api.w.org\/{rel}","templated":true}]}}