{"id":5525,"date":"2026-01-11T01:18:42","date_gmt":"2026-01-11T01:18:42","guid":{"rendered":"https:\/\/solivexa.com\/?post_type=product&#038;p=5525"},"modified":"2026-01-15T02:31:05","modified_gmt":"2026-01-15T02:31:05","slug":"cuisinart-quick-defrosting-tray-for-frozen-meat-non-stick-easy-to-clean-black-cdt-010c","status":"publish","type":"product","link":"https:\/\/solivexa.com\/es\/producto\/cuisinart-quick-defrosting-tray-for-frozen-meat-non-stick-easy-to-clean-black-cdt-010c\/","title":{"rendered":"Bandeja de Descongelaci\u00f3n R\u00e1pida Que Descongela la Carne Naturalmente"},"content":{"rendered":"<div id=\"feature-bullets\">\n<hr aria-hidden=\"true\/\" \/>\n<h1>Acerca de este art\u00edculo<\/h1>\n<ul>\n<li>DESCONGELACI\u00d3N R\u00c1PIDA Y UNIFORME: Hecha de aluminio de alta conductividad apto para alimentos. Esta bandeja alcanzar\u00e1 la temperatura ambiente y descongelar\u00e1 su alimento de forma r\u00e1pida y segura.<\/li>\n<li>CONSERVA EL SABOR NATURAL: Forma segura y ecol\u00f3gica de descongelar alimentos. Conserva los sabores naturales de tus alimentos congelados.<\/li>\n<li>F\u00c1CIL DE USAR Y LIMPIAR: Simplemente coloque alimentos congelados sobre la superficie antiadherente y se descongelar\u00e1n. Para limpiar, use jab\u00f3n suave y una esponja o pa\u00f1o suave.<\/li>\n<li>DISE\u00d1O ELEGANTE: Superficie grande, antiadherente y duradera muy delgada para un almacenamiento conveniente en lugares compactos.<\/li>\n<\/ul>\n<p><!-- Loading EDP related metadata --><\/p>\n<\/div>\n<div>\n<div>\n<div>\n<div>\n<div><img decoding=\"async\" src=\"https:\/\/images-na.ssl-images-amazon.com\/images\/G\/01\/x-locale\/common\/grey-pixel.gif\/\" alt=\"CDT-010C_A\" \/><noscript><img alt=\"CDT-010C_A\" src=\"https:\/\/m.media-amazon.com\/images\/S\/aplus-media-library-service-media\/48c91e00-0585-4635-ac7f-a9bbc3e41d1a.__CR0.0.970.300_PT0_SX970_V1___.jpg\" ><\/noscript><\/div>\n<\/div>\n<\/div>\n<div style=\"clear: both;\"><\/div>\n<\/div>\n<div>\n<div>\n<div>\n<div><img decoding=\"async\" src=\"https:\/\/images-na.ssl-images-amazon.com\/images\/G\/01\/x-locale\/common\/grey-pixel.gif\/\" alt=\"CDT-010C_B\" \/><noscript><img alt=\"CDT-010C_B\" src=\"https:\/\/m.media-amazon.com\/images\/S\/aplus-media-library-service-media\/8918fe15-cd84-40e4-8336-f9973a85725e.__CR0.0.970.300_PT0_SX970_V1___.jpg\" ><\/noscript><\/div>\n<\/div>\n<\/div>\n<div style=\"clear: both;\"><\/div>\n<\/div>\n<\/div>","protected":false},"excerpt":{"rendered":"<p>&#8230;<\/p>","protected":false},"featured_media":5543,"comment_status":"open","ping_status":"closed","template":"","meta":[],"etheme_brands":[],"product_brand":[],"product_cat":[97],"product_tag":[],"class_list":{"0":"post-5525","1":"product","2":"type-product","3":"status-publish","4":"has-post-thumbnail","6":"product_cat-food-prep-tools","8":"first","9":"instock","10":"sale","11":"shipping-taxable","12":"purchasable","13":"product-type-variable","14":"has-default-attributes"},"_links":{"self":[{"href":"https:\/\/solivexa.com\/es\/wp-json\/wp\/v2\/product\/5525","targetHints":{"allow":["GET"]}}],"collection":[{"href":"https:\/\/solivexa.com\/es\/wp-json\/wp\/v2\/product"}],"about":[{"href":"https:\/\/solivexa.com\/es\/wp-json\/wp\/v2\/types\/product"}],"replies":[{"embeddable":true,"href":"https:\/\/solivexa.com\/es\/wp-json\/wp\/v2\/comments?post=5525"}],"version-history":[{"count":0,"href":"https:\/\/solivexa.com\/es\/wp-json\/wp\/v2\/product\/5525\/revisions"}],"wp:featuredmedia":[{"embeddable":true,"href":"https:\/\/solivexa.com\/es\/wp-json\/wp\/v2\/media\/5543"}],"wp:attachment":[{"href":"https:\/\/solivexa.com\/es\/wp-json\/wp\/v2\/media?parent=5525"}],"wp:term":[{"taxonomy":"brand","embeddable":true,"href":"https:\/\/solivexa.com\/es\/wp-json\/wp\/v2\/etheme_brands?post=5525"},{"taxonomy":"product_brand","embeddable":true,"href":"https:\/\/solivexa.com\/es\/wp-json\/wp\/v2\/product_brand?post=5525"},{"taxonomy":"product_cat","embeddable":true,"href":"https:\/\/solivexa.com\/es\/wp-json\/wp\/v2\/product_cat?post=5525"},{"taxonomy":"product_tag","embeddable":true,"href":"https:\/\/solivexa.com\/es\/wp-json\/wp\/v2\/product_tag?post=5525"}],"curies":[{"name":"wp","href":"https:\/\/api.w.org\/{rel}","templated":true}]}}