{"id":5564,"date":"2026-01-11T01:19:06","date_gmt":"2026-01-11T01:19:06","guid":{"rendered":"https:\/\/solivexa.com\/product\/fresh-meat-slicer-thickness-adjustable-stainless-steel-kitchen-cleaver-knife-set-manual-fresh-meat-cutter-jerky-slicer-for-beef-pork-cooking-bbq-hot-pot-gray\/"},"modified":"2026-01-14T22:49:20","modified_gmt":"2026-01-14T22:49:20","slug":"fresh-meat-slicer-thickness-adjustable-stainless-steel-kitchen-cleaver-knife-set-manual-fresh-meat-cutter-jerky-slicer-for-beef-pork-cooking-bbq-hot-pot-gray","status":"publish","type":"product","link":"https:\/\/solivexa.com\/es\/producto\/fresh-meat-slicer-thickness-adjustable-stainless-steel-kitchen-cleaver-knife-set-manual-fresh-meat-cutter-jerky-slicer-for-beef-pork-cooking-bbq-hot-pot-gray\/","title":{"rendered":"Rebanadora de carne ajustable para cortes perfectos y uniformes"},"content":{"rendered":"<div id=\"feature-bullets\">\n<hr aria-hidden=\"true\/\" \/>\n<h1>Acerca de este art\u00edculo<\/h1>\n<ul>\n<li>Cortadora de Carne Manual: Cuchillas de acero inoxidable 17 en 1 cortan 18 rebanadas uniformes por pasada. - Razonablemente f\u00e1cil de usar, ya que solo tienes que destapar la ventosa inferior. Coloca un trozo de carne en el recipiente, empuja y tira hacia adelante y hacia atr\u00e1s como una sierra. Una variedad de carnes frescas, incluyendo cerdo. res. pechuga de pollo\u2026 (Solo apto para carne fresca pura. No apto para carne con huesos, carne cocida, Spam o carne congelada. No cortar\u00e1 nada duro como una patata).<\/li>\n<li>Cortador de carne de alta calidad para el hogar: El cortador de carne fresco manual est\u00e1 hecho de material de alta calidad. la hoja est\u00e1 hecha de acero inoxidable 420. 17 cm (6.7 pulgadas) de largo. con borde afilado de 8\u00b0; el recipiente del cortador de carne manual para uso dom\u00e9stico est\u00e1 hecho de material de grado alimenticio para uso prolongado; brind\u00e1ndote una experiencia de cocina profesional. El cortador de carne fresco manual tambi\u00e9n viene con un afilador de cuchillos para mantener el cuchillo cortador de carne afilado de forma r\u00e1pida y eficiente.<\/li>\n<li>Grosor ajustable. Eficiente y ahorra tiempo: La tajadora manual de carne fresca est\u00e1 equipada con 2 juegos de cuchillas para cortar carne en rebanadas flexibles de 2 mm o 4 mm. Un total de 17 cuchillas pueden cortar carne fresca f\u00e1cilmente y r\u00e1pidamente en 18 rebanadas finas en un solo corte. Y ajustando la orientaci\u00f3n de la carne. la tajadora manual de carne fresca tambi\u00e9n se puede cortar en diferentes formas como carne deshebrada. carne en cubos y espuma de carne.<\/li>\n<li>F\u00e1cil de Limpiar y Conveniente de Almacenar: Las cuchillas, el recipiente y la base est\u00e1n dise\u00f1ados para ser desmontables, lo que facilita la limpieza, la hace m\u00e1s r\u00e1pida y eficiente en el tiempo. Equipado con un cepillo profesional y especial de cerdas duras, puedes limpiar f\u00e1cilmente las cuchillas y el recipiente (aseg\u00farate de usar el cepillo). Se limpia f\u00e1cilmente y se guarda en un espacio m\u00ednimo. No los pongas en el lavavajillas.<\/li>\n<li>Robusto y estable: La base del recipiente cuenta con una ventosa grande que lo mantiene firmemente en su lugar sobre superficies lisas, asegurando que no se tambalee ni vibre durante el uso. La ranura del recipiente se alinea con las cuchillas; luego, empuje y tire de la cuchilla hacia adelante y hacia atr\u00e1s sobre la carne para cortarla (al igual que el movimiento que usar\u00eda para talar un \u00e1rbol con una sierra). Consejos: No sujete la base con las manos.<\/li>\n<\/ul>\n<p><!-- Loading EDP related metadata --><\/p>\n<div data-csa-c-content-id=\"voyager-product-details-jumplink\" data-csa-c-slot-id=\"voyager-product-details-jumplink\" data-csa-c-type=\"link\"><\/div>\n<\/div>\n<div id=\"productDescription\">\n<p><!-- show up to 2 reviews by default --><\/p>\n<p>Esta cortadora de carne fresca est\u00e1 hecha de ABS y acero inoxidable para un corte eficiente. Equipada con 2 cuchillas. Incluye carne de cerdo, res, cordero, pechuga de pollo, etc. Mejora la eficiencia en la cocina, un regalo pr\u00e1ctico para entusiastas de la cocina. F\u00e1cil de limpiar y almacenar: esta cortadora de carne fresca viene con un cepillo de limpieza para un mantenimiento sencillo.<\/p>\n<\/div>","protected":false},"excerpt":{"rendered":"<p>&#8230;<\/p>","protected":false},"featured_media":5563,"comment_status":"open","ping_status":"closed","template":"","meta":[],"etheme_brands":[],"product_brand":[],"product_cat":[97],"product_tag":[],"class_list":{"0":"post-5564","1":"product","2":"type-product","3":"status-publish","4":"has-post-thumbnail","6":"product_cat-food-prep-tools","8":"first","9":"instock","10":"sale","11":"shipping-taxable","12":"purchasable","13":"product-type-simple"},"_links":{"self":[{"href":"https:\/\/solivexa.com\/es\/wp-json\/wp\/v2\/product\/5564","targetHints":{"allow":["GET"]}}],"collection":[{"href":"https:\/\/solivexa.com\/es\/wp-json\/wp\/v2\/product"}],"about":[{"href":"https:\/\/solivexa.com\/es\/wp-json\/wp\/v2\/types\/product"}],"replies":[{"embeddable":true,"href":"https:\/\/solivexa.com\/es\/wp-json\/wp\/v2\/comments?post=5564"}],"version-history":[{"count":0,"href":"https:\/\/solivexa.com\/es\/wp-json\/wp\/v2\/product\/5564\/revisions"}],"wp:featuredmedia":[{"embeddable":true,"href":"https:\/\/solivexa.com\/es\/wp-json\/wp\/v2\/media\/5563"}],"wp:attachment":[{"href":"https:\/\/solivexa.com\/es\/wp-json\/wp\/v2\/media?parent=5564"}],"wp:term":[{"taxonomy":"brand","embeddable":true,"href":"https:\/\/solivexa.com\/es\/wp-json\/wp\/v2\/etheme_brands?post=5564"},{"taxonomy":"product_brand","embeddable":true,"href":"https:\/\/solivexa.com\/es\/wp-json\/wp\/v2\/product_brand?post=5564"},{"taxonomy":"product_cat","embeddable":true,"href":"https:\/\/solivexa.com\/es\/wp-json\/wp\/v2\/product_cat?post=5564"},{"taxonomy":"product_tag","embeddable":true,"href":"https:\/\/solivexa.com\/es\/wp-json\/wp\/v2\/product_tag?post=5564"}],"curies":[{"name":"wp","href":"https:\/\/api.w.org\/{rel}","templated":true}]}}