{"id":5604,"date":"2026-01-14T21:52:11","date_gmt":"2026-01-14T21:52:11","guid":{"rendered":"https:\/\/solivexa.com\/?post_type=product&#038;p=5604"},"modified":"2026-01-15T02:31:05","modified_gmt":"2026-01-15T02:31:05","slug":"hefa-dish-soap-dispenser-and-sponge-holder-for-kitchen-sink-sink-dish-washing-soap-dispenser-dish-sponge-included-dishwashing-liquid-dispenser-for-kitchen-stormgrey","status":"publish","type":"product","link":"https:\/\/solivexa.com\/es\/producto\/hefa-dish-soap-dispenser-and-sponge-holder-for-kitchen-sink-sink-dish-washing-soap-dispenser-dish-sponge-included-dishwashing-liquid-dispenser-for-kitchen-stormgrey\/","title":{"rendered":"Dispensador de jab\u00f3n para platos y organizador de esponjas HEFA para fregadero de cocina. Dispensador de jab\u00f3n para lavar platos en el fregadero. Esponja para platos incluida. Dispensador de detergente para lavavajillas para cocina (Gris Tormenta)"},"content":{"rendered":"<div id=\"feature-bullets\">\n<hr aria-hidden=\"true\/\" \/>\n<h1>Acerca de este art\u00edculo<\/h1>\n<ul>\n<li>Contenedor HEFA Snackle Box: Perfecto para recipientes congeladores de pur\u00e9, refrigerios, control de porciones y almuerzos, o para cualquier cosa que necesite un recipiente peque\u00f1o para alimentos. \u00a1Estos peque\u00f1os recipientes son perfectos para almacenar su comida, lonchera, condimentos y mucho m\u00e1s!<\/li>\n<li>Recipientes peque\u00f1os para alimentos HEFA con tapa: Los peque\u00f1os recipientes para bocadillos con tapa mantendr\u00e1n tus alimentos en perfecto estado sin hacer l\u00edo. Las tapas selladas herm\u00e9ticamente garantizan frescura duradera. Ideales para usar como recipientes para congelador para l\u00edquidos, cereales y alimentos s\u00f3lidos.<\/li>\n<li>Contenedores de Almacenamiento de Comida HEFA con Tapas: Disfruta de una comodidad sin esfuerzo con contenedores dise\u00f1ados para ser seguros en el lavavajillas, microondas y congelador, simplificando tanto la preparaci\u00f3n de comidas como la limpieza.<\/li>\n<li>Contenedores para Lonchera HEFA: Nuestros recipientes para snacks para lonchera son apilables. As\u00ed mantienen tu casa\/congelador\/refrigerador organizados. Tambi\u00e9n son f\u00e1ciles de guardar cuando no est\u00e1n en uso, o para viajar y transportar.<\/li>\n<li>Calidad y Garant\u00eda: Si tiene alguna pregunta sobre nuestro producto o tiene alg\u00fan problema, siempre estamos para encontrar una soluci\u00f3n. Puede contactarnos las 24 horas.<br \/>\n<hr class=\"bucketDivider\" noshade=\"noshade\" size=\"1\" \/>\n<h2>Descripci\u00f3n del producto<\/h2>\n<div lang=\"en_CA\">\n<div class=\"aplus-v2 desktop celwidget\" data-csa-c-id=\"x7bahx-op0fne-9yqkfb-6szb2e\" data-cel-widget=\"aplus\">\n<div class=\"celwidget aplus-module premium-module-2-fullbackground-image aplus-premium\" data-csa-c-id=\"fd1l3s-1hxkmk-80uug2-9xjzil\" data-cel-widget=\"aplus-premium-module-2-fullbackground-image\">\n<div class=\"a-section a-spacing-none premium-aplus premium-aplus-module-2\">\n<div class=\"a-section a-spacing-none premium-background-wrapper\">\n<div class=\"a-section a-spacing-none background-image\"><img decoding=\"async\" class=\"\" src=\"https:\/\/m.media-amazon.com\/images\/S\/aplus-media-library-service-media\/42f32260-4e1b-4193-a207-4cb4817b2a5f.__CR0,0,1464,600_PT0_SX1464_V1___.png\" alt=\"Dish Soap Dispenser\" data-src=\"https:\/\/m.media-amazon.com\/images\/S\/aplus-media-library-service-media\/42f32260-4e1b-4193-a207-4cb4817b2a5f.__CR0,0,1464,600_PT0_SX1464_V1___.png\" \/><\/div>\n<\/div>\n<\/div>\n<\/div>\n<div class=\"celwidget aplus-module premium-module-2-fullbackground-image aplus-premium\" data-csa-c-id=\"478b6n-fz01cm-x02zr5-tvnjnv\" data-cel-widget=\"aplus-premium-module-2-fullbackground-image\">\n<div class=\"a-section a-spacing-none premium-aplus premium-aplus-module-2\">\n<div class=\"a-section a-spacing-none premium-background-wrapper\">\n<div class=\"a-section a-spacing-none background-image\"><img decoding=\"async\" class=\"\" src=\"https:\/\/m.media-amazon.com\/images\/S\/aplus-media-library-service-media\/d129ed4b-ecb4-491e-ba05-27b3609e37e3.__CR0,0,1464,600_PT0_SX1464_V1___.png\" alt=\"Soap Dish Dispenser\" data-src=\"https:\/\/m.media-amazon.com\/images\/S\/aplus-media-library-service-media\/d129ed4b-ecb4-491e-ba05-27b3609e37e3.__CR0,0,1464,600_PT0_SX1464_V1___.png\" \/><\/div>\n<\/div>\n<\/div>\n<\/div>\n<div class=\"celwidget aplus-module premium-module-2-fullbackground-image aplus-premium\" data-csa-c-id=\"ow822x-sht2l4-z76d8d-hdtc99\" data-cel-widget=\"aplus-premium-module-2-fullbackground-image\">\n<div class=\"a-section a-spacing-none premium-aplus premium-aplus-module-2\">\n<div class=\"a-section a-spacing-none premium-background-wrapper\">\n<div class=\"a-section a-spacing-none background-image\"><img decoding=\"async\" class=\"\" src=\"https:\/\/m.media-amazon.com\/images\/S\/aplus-media-library-service-media\/6f19f50e-2ddc-4f9d-a517-6f5afee8e0e8.__CR0,0,1464,600_PT0_SX1464_V1___.png\" alt=\"Soap Dispenser\" data-src=\"https:\/\/m.media-amazon.com\/images\/S\/aplus-media-library-service-media\/6f19f50e-2ddc-4f9d-a517-6f5afee8e0e8.__CR0,0,1464,600_PT0_SX1464_V1___.png\" \/><\/div>\n<\/div>\n<\/div>\n<\/div>\n<div class=\"celwidget aplus-module premium-module-2-fullbackground-image aplus-premium\" data-csa-c-id=\"qgwam9-qqx8n8-wlnu5m-dn5m0n\" data-cel-widget=\"aplus-premium-module-2-fullbackground-image\">\n<div class=\"a-section a-spacing-none premium-aplus premium-aplus-module-2\">\n<div class=\"a-section a-spacing-none premium-background-wrapper\">\n<div class=\"a-section a-spacing-none background-image\"><img decoding=\"async\" class=\"\" src=\"https:\/\/m.media-amazon.com\/images\/S\/aplus-media-library-service-media\/8d021b0d-78d1-4e6d-a92d-adc9b9f4a913.__CR0,0,1464,600_PT0_SX1464_V1___.png\" alt=\"Soap Dish Dispenser\" data-src=\"https:\/\/m.media-amazon.com\/images\/S\/aplus-media-library-service-media\/8d021b0d-78d1-4e6d-a92d-adc9b9f4a913.__CR0,0,1464,600_PT0_SX1464_V1___.png\" \/><\/div>\n<\/div>\n<\/div>\n<\/div>\n<div class=\"celwidget aplus-module premium-module-2-fullbackground-image aplus-premium\" data-csa-c-id=\"pjj8ds-yvvti8-gf2bli-j5igag\" data-cel-widget=\"aplus-premium-module-2-fullbackground-image\">\n<div class=\"a-section a-spacing-none premium-aplus premium-aplus-module-2\">\n<div class=\"a-section a-spacing-none premium-background-wrapper\">\n<div class=\"a-section a-spacing-none background-image\"><img decoding=\"async\" class=\"\" src=\"https:\/\/m.media-amazon.com\/images\/S\/aplus-media-library-service-media\/4eb62afc-98be-4c07-9043-5718866c59d2.__CR0,0,1464,600_PT0_SX1464_V1___.png\" alt=\"Soap Dish Dispenser\" data-src=\"https:\/\/m.media-amazon.com\/images\/S\/aplus-media-library-service-media\/4eb62afc-98be-4c07-9043-5718866c59d2.__CR0,0,1464,600_PT0_SX1464_V1___.png\" \/><\/div>\n<\/div>\n<\/div>\n<\/div>\n<\/div>\n<\/div>\n<\/li>\n<\/ul>\n<p><!-- Loading EDP related metadata --><\/p>\n<\/div>\n<div>\n<div><\/div>\n<\/div>","protected":false},"excerpt":{"rendered":"<p>&#8230;<\/p>","protected":false},"featured_media":5648,"comment_status":"open","ping_status":"closed","template":"","meta":[],"etheme_brands":[],"product_brand":[],"product_cat":[100],"product_tag":[],"class_list":{"0":"post-5604","1":"product","2":"type-product","3":"status-publish","4":"has-post-thumbnail","6":"product_cat-kitchen-storage-organization","8":"first","9":"instock","10":"sale","11":"shipping-taxable","12":"purchasable","13":"product-type-variable","14":"has-default-attributes"},"_links":{"self":[{"href":"https:\/\/solivexa.com\/es\/wp-json\/wp\/v2\/product\/5604","targetHints":{"allow":["GET"]}}],"collection":[{"href":"https:\/\/solivexa.com\/es\/wp-json\/wp\/v2\/product"}],"about":[{"href":"https:\/\/solivexa.com\/es\/wp-json\/wp\/v2\/types\/product"}],"replies":[{"embeddable":true,"href":"https:\/\/solivexa.com\/es\/wp-json\/wp\/v2\/comments?post=5604"}],"version-history":[{"count":0,"href":"https:\/\/solivexa.com\/es\/wp-json\/wp\/v2\/product\/5604\/revisions"}],"wp:featuredmedia":[{"embeddable":true,"href":"https:\/\/solivexa.com\/es\/wp-json\/wp\/v2\/media\/5648"}],"wp:attachment":[{"href":"https:\/\/solivexa.com\/es\/wp-json\/wp\/v2\/media?parent=5604"}],"wp:term":[{"taxonomy":"brand","embeddable":true,"href":"https:\/\/solivexa.com\/es\/wp-json\/wp\/v2\/etheme_brands?post=5604"},{"taxonomy":"product_brand","embeddable":true,"href":"https:\/\/solivexa.com\/es\/wp-json\/wp\/v2\/product_brand?post=5604"},{"taxonomy":"product_cat","embeddable":true,"href":"https:\/\/solivexa.com\/es\/wp-json\/wp\/v2\/product_cat?post=5604"},{"taxonomy":"product_tag","embeddable":true,"href":"https:\/\/solivexa.com\/es\/wp-json\/wp\/v2\/product_tag?post=5604"}],"curies":[{"name":"wp","href":"https:\/\/api.w.org\/{rel}","templated":true}]}}