{"id":5605,"date":"2026-01-14T21:52:11","date_gmt":"2026-01-14T21:52:11","guid":{"rendered":"https:\/\/solivexa.com\/?post_type=product&#038;p=5605"},"modified":"2026-03-23T21:07:32","modified_gmt":"2026-03-23T21:07:32","slug":"finamill-award-winning-battery-operated-pepper-mill-spice-grinder-in-one-adjustable-coarseness-ceramic-grinding-elements-one-touch-operation-with-led-light-includes-2-quick-change-prop","status":"publish","type":"product","link":"https:\/\/solivexa.com\/es\/producto\/finamill-award-winning-battery-operated-pepper-mill-spice-grinder-in-one-adjustable-coarseness-ceramic-grinding-elements-one-touch-operation-with-led-light-includes-2-quick-change-prop\/","title":{"rendered":"FinaMill \u2013 Molinillo de pimienta y especias a pilas galardonado. Ajustable en grosor. Elementos de molienda de cer\u00e1mica. Operaci\u00f3n con un solo toque e luz LED. Incluye 2 vainas ProPlus de cambio r\u00e1pido."},"content":{"rendered":"<div id=\"feature-bullets\">\n<hr class=\"bucketDivider\" noshade=\"noshade\" size=\"1\" \/>\n<h2>Descripci\u00f3n del producto<\/h2>\n<div lang=\"en_US\">\n<div class=\"aplus-v2 desktop celwidget\" data-csa-c-id=\"1gzqq2-x2u8jb-1wgjko-3qm13c\" data-cel-widget=\"aplus\">\n<div class=\"celwidget aplus-module premium-module-2-fullbackground-image aplus-premium\" data-csa-c-id=\"xb523s-pi39ss-3qfoh0-owkgrk\" data-cel-widget=\"aplus-premium-module-2-fullbackground-image\">\n<div class=\"a-section a-spacing-none premium-aplus premium-aplus-module-2\">\n<div class=\"a-section a-spacing-none premium-background-wrapper\">\n<div class=\"a-section a-spacing-none background-image\"><img decoding=\"async\" class=\"\" src=\"https:\/\/m.media-amazon.com\/images\/S\/aplus-media-library-service-media\/d5d1081a-cde0-4949-8bc6-e4fc03f18d72.__CR0,0,1464,600_PT0_SX1464_V1___.jpg\" alt=\"The easiest way to Grind Spices\" data-src=\"https:\/\/m.media-amazon.com\/images\/S\/aplus-media-library-service-media\/d5d1081a-cde0-4949-8bc6-e4fc03f18d72.__CR0,0,1464,600_PT0_SX1464_V1___.jpg\" \/><\/div>\n<\/div>\n<\/div>\n<\/div>\n<div class=\"celwidget aplus-module premium-module-2-fullbackground-image aplus-premium\" data-csa-c-id=\"kr76wy-7p0x03-1j1ftk-z77qv5\" data-cel-widget=\"aplus-premium-module-2-fullbackground-image\">\n<div class=\"a-section a-spacing-none premium-aplus premium-aplus-module-2\">\n<div class=\"a-section a-spacing-none premium-background-wrapper\">\n<div class=\"a-section a-spacing-none background-image\"><img decoding=\"async\" class=\"\" src=\"https:\/\/m.media-amazon.com\/images\/S\/aplus-media-library-service-media\/71a865b9-a044-435f-aba8-a0d2de48a0cd.__CR0,0,1464,600_PT0_SX1464_V1___.jpg\" alt=\"The joy of fresh grind.\" data-src=\"https:\/\/m.media-amazon.com\/images\/S\/aplus-media-library-service-media\/71a865b9-a044-435f-aba8-a0d2de48a0cd.__CR0,0,1464,600_PT0_SX1464_V1___.jpg\" \/><\/div>\n<\/div>\n<\/div>\n<\/div>\n<div class=\"celwidget aplus-module premium-module-2-fullbackground-image aplus-premium\" data-csa-c-id=\"8g84tt-te4pmt-dix6ls-ijh1ai\" data-cel-widget=\"aplus-premium-module-2-fullbackground-image\">\n<div class=\"a-section a-spacing-none premium-aplus premium-aplus-module-2\">\n<div class=\"a-section a-spacing-none premium-background-wrapper\">\n<div class=\"a-section a-spacing-none background-image\"><img decoding=\"async\" class=\"\" src=\"https:\/\/m.media-amazon.com\/images\/S\/aplus-media-library-service-media\/ff396494-445c-437c-918a-31585e118ea7.__CR0,0,1464,600_PT0_SX1464_V1___.jpg\" alt=\"Operates with one hand, mess-free refill, effortlessly adjustable, and no more flavor mix!\" data-src=\"https:\/\/m.media-amazon.com\/images\/S\/aplus-media-library-service-media\/ff396494-445c-437c-918a-31585e118ea7.__CR0,0,1464,600_PT0_SX1464_V1___.jpg\" \/><\/div>\n<\/div>\n<div class=\"a-section a-text-center\"><\/div>\n<\/div>\n<\/div>\n<div class=\"celwidget aplus-module premium-module-2-fullbackground-image aplus-premium\" data-csa-c-id=\"lkv5a7-5t16fb-gs7xsa-76sspu\" data-cel-widget=\"aplus-premium-module-2-fullbackground-image\">\n<div class=\"a-section a-spacing-none premium-aplus premium-aplus-module-2\">\n<div class=\"a-section a-spacing-none premium-background-wrapper\">\n<div class=\"a-section a-spacing-none background-image\"><img decoding=\"async\" class=\"\" src=\"https:\/\/m.media-amazon.com\/images\/S\/aplus-media-library-service-media\/1c09b232-d348-4258-a7c3-c9486297eb25.__CR0,0,1464,600_PT0_SX1464_V1___.png\" alt=\"Larger spices and dried herbs. Everyday spices and oily spices.\" data-src=\"https:\/\/m.media-amazon.com\/images\/S\/aplus-media-library-service-media\/1c09b232-d348-4258-a7c3-c9486297eb25.__CR0,0,1464,600_PT0_SX1464_V1___.png\" \/><\/div>\n<\/div>\n<\/div>\n<\/div>\n<\/div>\n<\/div>\n<\/div>\n<div>\n<div>\n<div><noscript><img alt=\"colors\" src=\"https:\/\/m.media-amazon.com\/images\/S\/aplus-media-library-service-media\/85214eb4-8896-401c-80ec-21958563ba59.__CR0.0.970.600_PT0_SX970_V1___.png\" ><\/noscript><\/div>\n<\/div>\n<\/div>","protected":false},"excerpt":{"rendered":"<p>&#8230;<\/p>","protected":false},"featured_media":5683,"comment_status":"open","ping_status":"closed","template":"","meta":[],"etheme_brands":[],"product_brand":[],"product_cat":[99],"product_tag":[],"class_list":{"0":"post-5605","1":"product","2":"type-product","3":"status-publish","4":"has-post-thumbnail","6":"product_cat-cooking-essentials","8":"first","9":"instock","10":"sale","11":"shipping-taxable","12":"purchasable","13":"product-type-variable","14":"has-default-attributes"},"_links":{"self":[{"href":"https:\/\/solivexa.com\/es\/wp-json\/wp\/v2\/product\/5605","targetHints":{"allow":["GET"]}}],"collection":[{"href":"https:\/\/solivexa.com\/es\/wp-json\/wp\/v2\/product"}],"about":[{"href":"https:\/\/solivexa.com\/es\/wp-json\/wp\/v2\/types\/product"}],"replies":[{"embeddable":true,"href":"https:\/\/solivexa.com\/es\/wp-json\/wp\/v2\/comments?post=5605"}],"version-history":[{"count":0,"href":"https:\/\/solivexa.com\/es\/wp-json\/wp\/v2\/product\/5605\/revisions"}],"wp:featuredmedia":[{"embeddable":true,"href":"https:\/\/solivexa.com\/es\/wp-json\/wp\/v2\/media\/5683"}],"wp:attachment":[{"href":"https:\/\/solivexa.com\/es\/wp-json\/wp\/v2\/media?parent=5605"}],"wp:term":[{"taxonomy":"brand","embeddable":true,"href":"https:\/\/solivexa.com\/es\/wp-json\/wp\/v2\/etheme_brands?post=5605"},{"taxonomy":"product_brand","embeddable":true,"href":"https:\/\/solivexa.com\/es\/wp-json\/wp\/v2\/product_brand?post=5605"},{"taxonomy":"product_cat","embeddable":true,"href":"https:\/\/solivexa.com\/es\/wp-json\/wp\/v2\/product_cat?post=5605"},{"taxonomy":"product_tag","embeddable":true,"href":"https:\/\/solivexa.com\/es\/wp-json\/wp\/v2\/product_tag?post=5605"}],"curies":[{"name":"wp","href":"https:\/\/api.w.org\/{rel}","templated":true}]}}