{"id":5639,"date":"2026-01-14T21:52:22","date_gmt":"2026-01-14T21:52:22","guid":{"rendered":"https:\/\/solivexa.com\/product\/butter-cutter-one-click-stick-butter-slicer-butter-dispenser-cheese-splitter-with-for-making-bread-cakes-cookies\/"},"modified":"2026-01-14T23:20:55","modified_gmt":"2026-01-14T23:20:55","slug":"butter-cutter-one-click-stick-butter-slicer-butter-dispenser-cheese-splitter-with-for-making-bread-cakes-cookies","status":"publish","type":"product","link":"https:\/\/solivexa.com\/es\/producto\/butter-cutter-one-click-stick-butter-slicer-butter-dispenser-cheese-splitter-with-for-making-bread-cakes-cookies\/","title":{"rendered":"Cortador de Mantequilla. Rebanador de Mantequilla de un Click, Dispensador de Mantequilla, Divisor de Queso para Hacer Pan, Pasteles y Galletas"},"content":{"rendered":"<div id=\"feature-bullets\">\n<ul>\n<li class=\"a-spacing-mini\"><span class=\"a-list-item\">\u3010Calidad Garantizada\u3011 \u2013 Utilizando nuestro cortador de mantequilla, aseguramos seguridad, higiene y durabilidad prolongada. Cumpliendo con est\u00e1ndares de grado alimenticio, lleva la cocina a otro nivel, manteniendo un equilibrio entre robustez y est\u00e9tica.<\/span><\/li>\n<li class=\"a-spacing-mini\"><span class=\"a-list-item\">[Conservador de Mantequilla] \u2013 Conserva tu mantequilla con nuestro dispensador especial. Capaz de almacenarse en el refrigerador, te ahorra espacio y asegura la frescura de tu mantequilla indefinidamente, para que tu creatividad culinaria no tenga l\u00edmites.<\/span><\/li>\n<li class=\"a-spacing-mini\"><span class=\"a-list-item\">\u3010F\u00e1cil de usar\u3011 \u2013 Simplifique su cocina con nuestro cortador de mantequilla y queso. Dispensa sin esfuerzo porciones personalizadas de mantequilla con un m\u00ednimo de esfuerzo, manteniendo sus manos limpias y su experiencia completamente satisfactoria.<\/span><\/li>\n<li class=\"a-spacing-mini\"><span class=\"a-list-item\">\u3010Compa\u00f1ero de Horneado\u3011 \u2013 Mejora tus horneados con el cortador de mantequilla. Ligero y f\u00e1cil de manejar, es adecuado para hacer pan, pasteles y m\u00e1s, poniendo el control de horneado a nivel profesional al alcance de cada chef casero.<\/span><\/li>\n<li class=\"a-spacing-mini\"><span class=\"a-list-item\">\u3010Amplia Aplicaci\u00f3n\u3011 \u2013 Descubra la flexibilidad con nuestro cortador de mantequilla. Puede adaptarse a mantequilla con sal, mantequilla sin sal, margarina, queso y otras mantequillas en barra, sirviendo como su soluci\u00f3n para la gesti\u00f3n de la mantequilla.<br \/>\n<\/span><\/p>\n<h2 class=\"default\">Descripci\u00f3n del producto<\/h2>\n<div id=\"productDescription\" class=\"a-section a-spacing-small\">\n<p>Descripci\u00f3n:<br \/>\nMejora tu experiencia culinaria con este innovador Cortador de Mantequilla construido con pl\u00e1stico ABS y acero inoxidable 420, garantizando seguridad, higiene y durabilidad prolongada. Con su operaci\u00f3n de un solo clic, dispensa de forma higi\u00e9nica porciones de mantequilla personalizadas, asegurando manos y mantequilla limpias. Tambi\u00e9n funciona como protector de mantequilla apto para el refrigerador, ahorrando espacio y conservando la frescura de la mantequilla. Vers\u00e1til en su uso, se adapta a diferentes tipos de mantequilla, incluyendo salada, sin sal, margarina y queso. Como compa\u00f1ero de reposter\u00eda compacto y ligero, allana el camino para la reposter\u00eda sin esfuerzo de pan y pasteles.<\/p>\n<p>Especificaciones<br \/>\n\u2013 Tipo de art\u00edculo: Cortador de mantequilla<br \/>\n\u2013 Material: ABS, Acero Inoxidable 420<br \/>\n\u2013 Peso: Aprox. 280.00g\/9.88oz<br \/>\n\u2013 Calibre: Aprox. 3.5\u00d73.5cm\/1.4\u00d71.4in<br \/>\n\u2013 Tama\u00f1o del producto: aprox. 20x8x6 cm\/7.9\u00d73.1\u00d72.4 pulgadas<\/p>\n<p>El paquete incluye:<br \/>\n\u2013 1 x Cortador de mantequilla<\/p>\n<p>Aviso:<br \/>\nPor favor, devuelve el cortador de mantequilla al refrigerador cuando no est\u00e9 en uso. Dejarlo afuera por per\u00edodos prolongados podr\u00eda resultarle en un desastre en las manos.<\/p>\n<\/div>\n<\/li>\n<\/ul>\n<\/div>","protected":false},"excerpt":{"rendered":"<p>&#8230;<\/p>","protected":false},"featured_media":5769,"comment_status":"open","ping_status":"closed","template":"","meta":[],"etheme_brands":[],"product_brand":[],"product_cat":[97],"product_tag":[],"class_list":{"0":"post-5639","1":"product","2":"type-product","3":"status-publish","4":"has-post-thumbnail","6":"product_cat-food-prep-tools","8":"first","9":"instock","10":"sale","11":"shipping-taxable","12":"purchasable","13":"product-type-simple"},"_links":{"self":[{"href":"https:\/\/solivexa.com\/es\/wp-json\/wp\/v2\/product\/5639","targetHints":{"allow":["GET"]}}],"collection":[{"href":"https:\/\/solivexa.com\/es\/wp-json\/wp\/v2\/product"}],"about":[{"href":"https:\/\/solivexa.com\/es\/wp-json\/wp\/v2\/types\/product"}],"replies":[{"embeddable":true,"href":"https:\/\/solivexa.com\/es\/wp-json\/wp\/v2\/comments?post=5639"}],"version-history":[{"count":0,"href":"https:\/\/solivexa.com\/es\/wp-json\/wp\/v2\/product\/5639\/revisions"}],"wp:featuredmedia":[{"embeddable":true,"href":"https:\/\/solivexa.com\/es\/wp-json\/wp\/v2\/media\/5769"}],"wp:attachment":[{"href":"https:\/\/solivexa.com\/es\/wp-json\/wp\/v2\/media?parent=5639"}],"wp:term":[{"taxonomy":"brand","embeddable":true,"href":"https:\/\/solivexa.com\/es\/wp-json\/wp\/v2\/etheme_brands?post=5639"},{"taxonomy":"product_brand","embeddable":true,"href":"https:\/\/solivexa.com\/es\/wp-json\/wp\/v2\/product_brand?post=5639"},{"taxonomy":"product_cat","embeddable":true,"href":"https:\/\/solivexa.com\/es\/wp-json\/wp\/v2\/product_cat?post=5639"},{"taxonomy":"product_tag","embeddable":true,"href":"https:\/\/solivexa.com\/es\/wp-json\/wp\/v2\/product_tag?post=5639"}],"curies":[{"name":"wp","href":"https:\/\/api.w.org\/{rel}","templated":true}]}}