{"id":5661,"date":"2026-01-14T21:52:31","date_gmt":"2026-01-14T21:52:31","guid":{"rendered":"https:\/\/solivexa.com\/product\/french-fry-cutter-4-in-1-potato-wedge-cutter-with-4-blades-manual-press-food-chopper-with-container-for-fruit-vegetable-potato-wedge\/"},"modified":"2026-01-14T22:50:51","modified_gmt":"2026-01-14T22:50:51","slug":"french-fry-cutter-4-in-1-potato-wedge-cutter-with-4-blades-manual-press-food-chopper-with-container-for-fruit-vegetable-potato-wedge","status":"publish","type":"product","link":"https:\/\/solivexa.com\/es\/producto\/french-fry-cutter-4-in-1-potato-wedge-cutter-with-4-blades-manual-press-food-chopper-with-container-for-fruit-vegetable-potato-wedge\/","title":{"rendered":"Cortador de Papas a la Francesa. Cortador de Gajos de Papa 4 en 1 con 4 Cuchillas. Picador Manual de Alimentos a Presi\u00f3n con Recipiente para Frutas, Verduras y Gajos de Papa"},"content":{"rendered":"<div id=\"feature-bullets\">\n<hr aria-hidden=\"true\/\" \/>\n<h1>Acerca de este art\u00edculo<\/h1>\n<ul>\n<li>Compacto y ahorra espacio: Su tama\u00f1o compacto y dise\u00f1o inteligente hacen que esta freidora de papas fritas sea f\u00e1cil de almacenar, encajando c\u00f3modamente en cualquier caj\u00f3n de la cocina o encimera sin ocupar mucho espacio.<\/li>\n<li>Prensa manual robusta: Fabricada con un mecanismo de prensa manual, este picador de alimentos garantiza un corte sin esfuerzo, sin necesidad de electricidad, proporcionando resultados consistentes y reduciendo la fatiga de las manos.<\/li>\n<li>Contenedor Conveniente Incluido: El contenedor incorporado recoge de manera ordenada todas las papas fritas y verduras cortadas, minimizando el desorden y simplificando la transferencia, el almacenamiento y la limpieza en tu cocina.<\/li>\n<li>Seguro y F\u00e1cil de Limpiar: Dise\u00f1ado con materiales de grado alimenticio y partes desmontables. este cortador de gajos de papa es seguro de usar y f\u00e1cil de limpiar a mano o en el lavavajillas.<\/li>\n<li>Dise\u00f1o multifuncional: este cortador de papas fritas 4 en 1 cuenta con cuatro cuchillas intercambiables, lo que te permite cambiar f\u00e1cilmente entre hacer papas fritas, gajos de papa y bastones, perfecto para una preparaci\u00f3n vers\u00e1til en la cocina.<\/li>\n<\/ul>\n<p><!-- Loading EDP related metadata --><\/p>\n<div data-csa-c-content-id=\"voyager-product-details-jumplink\" data-csa-c-slot-id=\"voyager-product-details-jumplink\" data-csa-c-type=\"link\">\n<h2 class=\"default\">Descripci\u00f3n del producto<\/h2>\n<div id=\"productDescription\" class=\"a-section a-spacing-small\">\n<p><span class=\"a-text-bold\">Descripci\u00f3n:<\/span><br \/>\nCortador de Papas Fritas, Cortador de Gajos de Papa 4 en 1 con 4 Cuchillas, Picador de Alimentos Manual a Presi\u00f3n con Contenedor para Frutas y Verduras es una herramienta de cocina vers\u00e1til que simplifica la preparaci\u00f3n de alimentos con sus cuatro cuchillas intercambiables, permiti\u00e9ndole crear papas fritas perfectas, gajos de papa, bastones y rodajas de forma r\u00e1pida y sencilla; cuenta con una robusta prensa manual para cortar sin esfuerzo y sin electricidad, est\u00e1 dise\u00f1ado con un contenedor integrado para recoger todos los trozos picados, manteniendo su cocina limpia y organizada; fabricada con materiales de grado alimenticio, esta m\u00e1quina de papas fritas garantiza un uso seguro y es f\u00e1cil de desmontar y limpiar, siendo apta para lavavajillas para mayor conveniencia; su dise\u00f1o compacto y que ahorra espacio la hace ideal para cualquier cocina, ya sea guardada en un caj\u00f3n o en la encimera, proporcionando una soluci\u00f3n eficiente y pr\u00e1ctica para papas fritas caseras y preparaci\u00f3n de verduras.<br \/>\nCaracter\u00edsticas:.<br \/>\n-Color: Gris.<br \/>\n-Material: ABS+PP +SUS420.<br \/>\n-Tama\u00f1o: 12x9x15 cm\/4.72x3.54x5.91 pulgadas.<\/p>\n<p>Nota:<br \/>\nMedici\u00f3n manual, por favor permita peque\u00f1os errores en el tama\u00f1o.<br \/>\nLos colores pueden tener una ligera diferencia debido a las diferentes pantallas.<\/p>\n<p><span class=\"a-text-bold\">Paquete Incluyendo<\/span><br \/>\n1 Cortador de papas fritas<\/p>\n<\/div>\n<\/div>\n<\/div>","protected":false},"excerpt":{"rendered":"<p>&#8230;<\/p>","protected":false},"featured_media":5660,"comment_status":"open","ping_status":"closed","template":"","meta":[],"etheme_brands":[],"product_brand":[],"product_cat":[97],"product_tag":[],"class_list":{"0":"post-5661","1":"product","2":"type-product","3":"status-publish","4":"has-post-thumbnail","6":"product_cat-food-prep-tools","8":"first","9":"instock","10":"sale","11":"shipping-taxable","12":"purchasable","13":"product-type-simple"},"_links":{"self":[{"href":"https:\/\/solivexa.com\/es\/wp-json\/wp\/v2\/product\/5661","targetHints":{"allow":["GET"]}}],"collection":[{"href":"https:\/\/solivexa.com\/es\/wp-json\/wp\/v2\/product"}],"about":[{"href":"https:\/\/solivexa.com\/es\/wp-json\/wp\/v2\/types\/product"}],"replies":[{"embeddable":true,"href":"https:\/\/solivexa.com\/es\/wp-json\/wp\/v2\/comments?post=5661"}],"version-history":[{"count":0,"href":"https:\/\/solivexa.com\/es\/wp-json\/wp\/v2\/product\/5661\/revisions"}],"wp:featuredmedia":[{"embeddable":true,"href":"https:\/\/solivexa.com\/es\/wp-json\/wp\/v2\/media\/5660"}],"wp:attachment":[{"href":"https:\/\/solivexa.com\/es\/wp-json\/wp\/v2\/media?parent=5661"}],"wp:term":[{"taxonomy":"brand","embeddable":true,"href":"https:\/\/solivexa.com\/es\/wp-json\/wp\/v2\/etheme_brands?post=5661"},{"taxonomy":"product_brand","embeddable":true,"href":"https:\/\/solivexa.com\/es\/wp-json\/wp\/v2\/product_brand?post=5661"},{"taxonomy":"product_cat","embeddable":true,"href":"https:\/\/solivexa.com\/es\/wp-json\/wp\/v2\/product_cat?post=5661"},{"taxonomy":"product_tag","embeddable":true,"href":"https:\/\/solivexa.com\/es\/wp-json\/wp\/v2\/product_tag?post=5661"}],"curies":[{"name":"wp","href":"https:\/\/api.w.org\/{rel}","templated":true}]}}