{"id":5713,"date":"2026-01-14T21:53:44","date_gmt":"2026-01-14T21:53:44","guid":{"rendered":"https:\/\/solivexa.com\/?post_type=product&#038;p=5713"},"modified":"2026-01-15T02:31:05","modified_gmt":"2026-01-15T02:31:05","slug":"kitchen-storage-cart-circular-rotating-basket-large-storage-rack-with-360-degree-wheels-fruit-vegetable-metal-wire-shelf-with-top-lid-for-living-room-office-black-black-triple-layer","status":"publish","type":"product","link":"https:\/\/solivexa.com\/es\/producto\/kitchen-storage-cart-circular-rotating-basket-large-storage-rack-with-360-degree-wheels-fruit-vegetable-metal-wire-shelf-with-top-lid-for-living-room-office-black-black-triple-layer\/","title":{"rendered":"Carrito de almacenamiento para cocina. Cesta giratoria circular. Estante de almacenamiento grande con ruedas de 360 grados. Estante de alambre de metal para frutas y verduras con tapa superior para sala de estar. Oficina. Negro Negro Triple Capa"},"content":{"rendered":"<div id=\"feature-bullets\">\n<hr aria-hidden=\"true\/\" \/>\n<h1>Acerca de este art\u00edculo<\/h1>\n<ul>\n<li>3\/4\/5 Niveles Cesta Giratoria y Dise\u00f1o de Malla Hueca: El dise\u00f1o de cesta giratoria de 3\/4\/5 niveles te permite colocar o sacar art\u00edculos desde cualquier direcci\u00f3n. El dise\u00f1o de rejilla de malla permite la circulaci\u00f3n del aire, asegurando que las frutas y verduras est\u00e9n ventiladas y no tengan olores extra\u00f1os.<\/li>\n<li>Dise\u00f1o de Ruedas M\u00f3viles: El estante de cocina giratorio est\u00e1 dise\u00f1ado con cuatro ruedas giratorias de 360 grados, lo que facilita su movimiento y uso en cualquier lugar. Adem\u00e1s, puede moverlo con gran facilidad para limpiar el piso y mantenerlo siempre ordenado.<\/li>\n<li>Construcci\u00f3n Robusta: Hecho de material de acero al carbono de alta calidad. la cesta de cocina es muy duradera y resistente. El marco de metal del estante de almacenamiento mejora la capacidad de carga.<\/li>\n<li>Dimensi\u00f3n: El frutero giratorio para cocina tiene una gran capacidad. Medidas del soporte: 30 cm x 30 cm x 90 cm\/11.82<\/li>\n<li>Amplias aplicaciones: Excepto frutas y verduras, el carrito de almacenamiento de cocina tambi\u00e9n puede organizar juguetes, libros, bocadillos, bebidas, ropa, platos o cualquier art\u00edculo peque\u00f1o. Una soluci\u00f3n de almacenamiento perfecta para la cocina, el dormitorio, la lavander\u00eda o la sala de juegos.<\/li>\n<\/ul>\n<p><!-- Loading EDP related metadata --><\/p>\n<div data-csa-c-content-id=\"voyager-product-details-jumplink\" data-csa-c-slot-id=\"voyager-product-details-jumplink\" data-csa-c-type=\"link\">\n<h2 class=\"default\">Descripci\u00f3n del producto<\/h2>\n<div id=\"productDescription\" class=\"a-section a-spacing-small\">\n<p>&nbsp;<\/p>\n<p>Nombre del art\u00edculo: Estante de almacenamiento para cocina<br \/>\nMaterial: Acero al Carbono<br \/>\nEstilo: Moderno<br \/>\nN\u00famero de capas: 5<br \/>\nCon o sin polea: S\u00ed<br \/>\nCaracter\u00edsticas: Malla hueca, Barandilla elevada, Giratorio<br \/>\nDetalles de talla:<br \/>\nAltura de la barandilla: 14 cm \/ 5.52\u2033 (aprox.)<br \/>\nDi\u00e1metro de la tuber\u00eda: 3cm\/1.18\u2033 (Aprox.)<br \/>\nDi\u00e1metro de la cesta: 30 cm (aprox.)<br \/>\nAltura del estante: 90 cm \/ 35,46\u2033 (aprox.)<br \/>\nNotas:<br \/>\nDebido a la diferencia en la configuraci\u00f3n de la luz y la pantalla, el color del art\u00edculo puede ser ligeramente diferente al de las im\u00e1genes.<br \/>\nPermita una ligera diferencia en las dimensiones debido a la medici\u00f3n manual.<br \/>\nEl paquete incluye:<br \/>\n1 x Estante de almacenamiento para cocina<\/p>\n<\/div>\n<\/div>\n<\/div>","protected":false},"excerpt":{"rendered":"<p>&#8230;<\/p>","protected":false},"featured_media":5723,"comment_status":"open","ping_status":"closed","template":"","meta":[],"etheme_brands":[],"product_brand":[],"product_cat":[100],"product_tag":[],"class_list":{"0":"post-5713","1":"product","2":"type-product","3":"status-publish","4":"has-post-thumbnail","6":"product_cat-kitchen-storage-organization","8":"first","9":"instock","10":"sale","11":"shipping-taxable","12":"purchasable","13":"product-type-variable","14":"has-default-attributes"},"_links":{"self":[{"href":"https:\/\/solivexa.com\/es\/wp-json\/wp\/v2\/product\/5713","targetHints":{"allow":["GET"]}}],"collection":[{"href":"https:\/\/solivexa.com\/es\/wp-json\/wp\/v2\/product"}],"about":[{"href":"https:\/\/solivexa.com\/es\/wp-json\/wp\/v2\/types\/product"}],"replies":[{"embeddable":true,"href":"https:\/\/solivexa.com\/es\/wp-json\/wp\/v2\/comments?post=5713"}],"version-history":[{"count":0,"href":"https:\/\/solivexa.com\/es\/wp-json\/wp\/v2\/product\/5713\/revisions"}],"wp:featuredmedia":[{"embeddable":true,"href":"https:\/\/solivexa.com\/es\/wp-json\/wp\/v2\/media\/5723"}],"wp:attachment":[{"href":"https:\/\/solivexa.com\/es\/wp-json\/wp\/v2\/media?parent=5713"}],"wp:term":[{"taxonomy":"brand","embeddable":true,"href":"https:\/\/solivexa.com\/es\/wp-json\/wp\/v2\/etheme_brands?post=5713"},{"taxonomy":"product_brand","embeddable":true,"href":"https:\/\/solivexa.com\/es\/wp-json\/wp\/v2\/product_brand?post=5713"},{"taxonomy":"product_cat","embeddable":true,"href":"https:\/\/solivexa.com\/es\/wp-json\/wp\/v2\/product_cat?post=5713"},{"taxonomy":"product_tag","embeddable":true,"href":"https:\/\/solivexa.com\/es\/wp-json\/wp\/v2\/product_tag?post=5713"}],"curies":[{"name":"wp","href":"https:\/\/api.w.org\/{rel}","templated":true}]}}