{"id":5715,"date":"2026-01-14T21:53:45","date_gmt":"2026-01-14T21:53:45","guid":{"rendered":"https:\/\/solivexa.com\/product\/kitchen-sink-drain-strainer-rag-rack-collapsible-corner-food-strainer-basket-over-the-sink-with-50pcs-disposable-strainer-bags-for-kitchen-sink-food-waste-vegetable-fruits\/"},"modified":"2026-01-14T22:48:52","modified_gmt":"2026-01-14T22:48:52","slug":"kitchen-sink-drain-strainer-rag-rack-collapsible-corner-food-strainer-basket-over-the-sink-with-50pcs-disposable-strainer-bags-for-kitchen-sink-food-waste-vegetable-fruits","status":"publish","type":"product","link":"https:\/\/solivexa.com\/es\/producto\/kitchen-sink-drain-strainer-rag-rack-collapsible-corner-food-strainer-basket-over-the-sink-with-50pcs-disposable-strainer-bags-for-kitchen-sink-food-waste-vegetable-fruits\/","title":{"rendered":"Colador de fregadero de cocina, tendedero para trapos. Cesta coladora esquinera plegable sobre el fregadero con 50 bolsas coladoras desechables para residuos de alimentos, frutas y verduras del fregadero de la cocina."},"content":{"rendered":"<div id=\"feature-bullets\">\n<ul>\n<li>{Material}: Colador de desag\u00fce para fregadero de cocina Hecho de acero inoxidable y pl\u00e1stico de alta calidad, con caracter\u00edsticas de antioxidante, durabilidad, aspecto hermoso y pr\u00e1ctico. No hay necesidad de preocuparse por sustancias nocivas.<\/li>\n<li>{El paquete incluye}: Recibir\u00e1s un escurridor de desag\u00fce de esquina para fregadero de cocina, un colador y 50 bolsas de filtro desechables. Las bolsas de malla para colador de fregadero de cocina son el\u00e1sticas y flexibles. Puedes montarlo y cambiarlo o reemplazarlo f\u00e1cilmente.<\/li>\n<li>{Mant\u00e9n tu lavaplatos limpio}: Nuestro colador plegable para lavaplatos es un filtro de residuos de cocina que filtra restos de comida. c\u00e1scaras. cabello. telas y otros desechos para mantener tu lavaplatos limpio. Filtro para lavaplatos con abertura grande. m\u00e1s f\u00e1cil de desechar residuos que los filtros triangulares para lavaplatos.<\/li>\n<li>[Ahorra espacio]: El juego de colador para esquinas de fregadero se monta f\u00e1cilmente en la esquina de tu fregadero de cocina. Puedes quitar el soporte de hierro del gancho para guardarlo o plegar el soporte contra la pared, sin ocupar espacio en tu fregadero. Apto para todo tipo de fregaderos.<\/li>\n<li>{Multifuncional}: Estos coladores para fregadero de cocina no solo se pueden usar para filtrar sobras, residuos del lavado de verduras y restos de t\u00e9, sino que tambi\u00e9n se pueden usar para colocar verduras y frutas reci\u00e9n lavadas despu\u00e9s de reemplazar una bolsa coladora nueva. Se adapta perfectamente a varios fregaderos y la instalaci\u00f3n es sencilla y conveniente, en solo unos segundos.<\/li>\n<\/ul>\n<p><!-- Loading EDP related metadata --><\/p>\n<div id=\"product-details-jumplink\">\n<h2 class=\"default\">Descripci\u00f3n del producto<\/h2>\n<div id=\"productDescription\" class=\"a-section a-spacing-small\">\n<p>Colador de Fregadero de Cocina con Soporte para Trapos, Colador de Cocina, Colador de Fregadero de Cocina con Esquina para Trapos, Colador de Cocina para Restos, Basura y Desechos de Comida<\/p>\n<p>Especificaci\u00f3n:<\/p>\n<p>Material: Pl\u00e1stico, Acero Inoxidable<br \/>\nColor: Blanco<br \/>\nTama\u00f1o: como se muestra en la figura<\/p>\n<p>El colador de desag\u00fce para fregadero de cocina est\u00e1 hecho de hierro y pl\u00e1stico, materiales seguros, firmes y duraderos. Es de alta calidad, mano de obra exquisita y larga vida \u00fatil, manteniendo tu fregadero de cocina ordenado.<\/p>\n<p>Colador de Drainage para Esquinero de Cocina con Rejilla Filtro El dise\u00f1o telesc\u00f3pico reci\u00e9n mejorado, con mango retr\u00e1ctil, se adapta perfectamente a varios fregaderos, y la instalaci\u00f3n es simple y conveniente, en solo unos segundos.<\/p>\n<p>Contenedor de desag\u00fce de esquina para fregadero de cocina. Puede prevenir eficazmente residuos de comida, telas y cualquier otra basura de entrar en el desag\u00fce. Ya no necesitar\u00e1 limpiar el filtro a mano, simplemente lev\u00e1ntelo suavemente y d\u00e9selo la vuelta.<\/p>\n<p>El paquete incluye:<br \/>\n1* Colador plegable para fregadero<br \/>\n50 * Redes de Filtro<\/p>\n<\/div>\n<\/div>\n<\/div>","protected":false},"excerpt":{"rendered":"<p>&#8230;<\/p>","protected":false},"featured_media":5714,"comment_status":"open","ping_status":"closed","template":"","meta":[],"etheme_brands":[],"product_brand":[],"product_cat":[100],"product_tag":[],"class_list":{"0":"post-5715","1":"product","2":"type-product","3":"status-publish","4":"has-post-thumbnail","6":"product_cat-kitchen-storage-organization","8":"first","9":"instock","10":"sale","11":"shipping-taxable","12":"purchasable","13":"product-type-simple"},"_links":{"self":[{"href":"https:\/\/solivexa.com\/es\/wp-json\/wp\/v2\/product\/5715","targetHints":{"allow":["GET"]}}],"collection":[{"href":"https:\/\/solivexa.com\/es\/wp-json\/wp\/v2\/product"}],"about":[{"href":"https:\/\/solivexa.com\/es\/wp-json\/wp\/v2\/types\/product"}],"replies":[{"embeddable":true,"href":"https:\/\/solivexa.com\/es\/wp-json\/wp\/v2\/comments?post=5715"}],"version-history":[{"count":0,"href":"https:\/\/solivexa.com\/es\/wp-json\/wp\/v2\/product\/5715\/revisions"}],"wp:featuredmedia":[{"embeddable":true,"href":"https:\/\/solivexa.com\/es\/wp-json\/wp\/v2\/media\/5714"}],"wp:attachment":[{"href":"https:\/\/solivexa.com\/es\/wp-json\/wp\/v2\/media?parent=5715"}],"wp:term":[{"taxonomy":"brand","embeddable":true,"href":"https:\/\/solivexa.com\/es\/wp-json\/wp\/v2\/etheme_brands?post=5715"},{"taxonomy":"product_brand","embeddable":true,"href":"https:\/\/solivexa.com\/es\/wp-json\/wp\/v2\/product_brand?post=5715"},{"taxonomy":"product_cat","embeddable":true,"href":"https:\/\/solivexa.com\/es\/wp-json\/wp\/v2\/product_cat?post=5715"},{"taxonomy":"product_tag","embeddable":true,"href":"https:\/\/solivexa.com\/es\/wp-json\/wp\/v2\/product_tag?post=5715"}],"curies":[{"name":"wp","href":"https:\/\/api.w.org\/{rel}","templated":true}]}}