{"id":5736,"date":"2026-01-14T21:53:54","date_gmt":"2026-01-14T21:53:54","guid":{"rendered":"https:\/\/solivexa.com\/product\/electric-chopper-4-in-1-with-brush-food-processor-800mah-cordless-blender-portable-for-kitchen-onion-nut-chicken-meat-fruit\/"},"modified":"2026-01-14T22:50:51","modified_gmt":"2026-01-14T22:50:51","slug":"electric-chopper-4-in-1-with-brush-food-processor-800mah-cordless-blender-portable-for-kitchen-onion-nut-chicken-meat-fruit","status":"publish","type":"product","link":"https:\/\/solivexa.com\/es\/producto\/electric-chopper-4-in-1-with-brush-food-processor-800mah-cordless-blender-portable-for-kitchen-onion-nut-chicken-meat-fruit\/","title":{"rendered":"Picadora El\u00e9ctrica 4 en 1 con Cepillo | Procesador de Alimentos 800mAh | Batidora Inal\u00e1mbrica Port\u00e1til para Cocina para Cebolla, Frutos Secos, Pollo, Carne y Frutas"},"content":{"rendered":"<div id=\"feature-bullets\">\n<hr aria-hidden=\"true\/\" \/>\n<h1>Acerca de este art\u00edculo<\/h1>\n<ul>\n<li>Ampliamente aplicable: Dise\u00f1ado para picar verduras y carne, esta herramienta simplifica la preparaci\u00f3n de comidas al picar ajo y jengibre, y batir eficientemente huevos o licuar alimentos para diversas aplicaciones culinarias.<\/li>\n<li>Materiales duraderos: cuenta con acero inoxidable 304 de grado industrial a prueba de \u00f3xido, que proporciona una construcci\u00f3n completamente segura para alimentos y resistente que soporta el uso diario con un mantenimiento sin esfuerzo<\/li>\n<li>Compacto y Recargable: Con una bater\u00eda recargable USB de 800 mAh, este picador inal\u00e1mbrico ofrece una combinaci\u00f3n perfecta de portabilidad y rendimiento confiable en un paquete elegante y ligero.<\/li>\n<li>Cierre de seguridad: Equipado con un seguro de seguridad confiable para prevenir arranques accidentales. mientras garantiza la funci\u00f3n de autolimpieza t\u00e1ctil para una limpieza f\u00e1cil y seguridad durante el uso. con piezas aptas para lavavajillas incluidas para un mantenimiento sin complicaciones.<\/li>\n<li>F\u00e1cil de usar: Experimenta una cocina que ahorra tiempo con una funci\u00f3n de picado de 30 segundos. Controles t\u00e1ctiles sencillos y un pr\u00e1ctico bot\u00f3n de inicio\/parada para un uso sin interrupciones en las tareas de tu cocina.<\/li>\n<\/ul>\n<p><!-- Loading EDP related metadata --><\/p>\n<div data-csa-c-content-id=\"voyager-product-details-jumplink\" data-csa-c-slot-id=\"voyager-product-details-jumplink\" data-csa-c-type=\"link\">\n<div id=\"Desktop-Detailed-Evaluation-Zone\" class=\"celwidget\" data-feature-name=\"Desktop-Detailed-Evaluation-Zone\" data-csa-c-type=\"widget\" data-csa-c-content-id=\"Desktop-Detailed-Evaluation-Zone\" data-csa-c-slot-id=\"Desktop-Detailed-Evaluation-Zone\" data-csa-c-asin=\"\" data-csa-c-is-in-initial-active-row=\"false\" data-csa-c-id=\"vt0j8m-y0rcgf-yvwufo-lcu5qv\" data-cel-widget=\"Desktop-Detailed-Evaluation-Zone\">\n<div id=\"aplus_feature_div\" class=\"celwidget pd_rd_w-u3nbt pd_rd_r-97HSN8AWQD0JSWNKHD0K pd_rd_wg-A7J4d\" data-feature-name=\"aplus\" data-csa-c-type=\"widget\" data-csa-c-content-id=\"aplus\" data-csa-c-slot-id=\"aplus_feature_div\" data-csa-c-asin=\"\" data-csa-c-is-in-initial-active-row=\"false\" data-csa-c-id=\"ls8k72-tiypby-tz5unh-jlk77n\" data-cel-widget=\"aplus_feature_div\">\n<div id=\"aplus\" class=\"a-section a-spacing-large bucket\">\n<hr class=\"bucketDivider\" noshade=\"noshade\" size=\"1\" \/>\n<h2>Descripci\u00f3n del producto<\/h2>\n<div lang=\"en_US\">\n<div class=\"aplus-v2 desktop celwidget\" data-csa-c-id=\"hq4hjr-uveiwd-5h73ie-3cjtb2\" data-cel-widget=\"aplus\">\n<div class=\"celwidget aplus-module launchpad-company-logo aplus-standard\" data-csa-c-id=\"dfm929-d4lpsr-y5o9u1-1jscrp\" data-cel-widget=\"aplus-launchpad-company-logo\">\n<div class=\"a-section a-text-center launchpad-module launchpad-module-company-logo\"><img decoding=\"async\" class=\"\" src=\"https:\/\/m.media-amazon.com\/images\/S\/aplus-media-library-service-media\/14af0d86-1153-407d-b78a-59863592ae93.__CR0,0,600,180_PT0_SX600_V1___.png\" alt=\"4-in-1 vegetable cutter set\" data-src=\"https:\/\/m.media-amazon.com\/images\/S\/aplus-media-library-service-media\/14af0d86-1153-407d-b78a-59863592ae93.__CR0,0,600,180_PT0_SX600_V1___.png\" \/><\/div>\n<\/div>\n<div class=\"celwidget aplus-module module-12 aplus-standard\" data-csa-c-id=\"whnnko-exlj0q-38yp2i-w7sx2k\" data-cel-widget=\"aplus-module-12\">\n<div class=\"aplus-module-wrapper apm-spacing apm-floatnone apm-fixed-width\">\n<div class=\"apm-sidemodule aplus-module-content\">\n<div class=\"apm-hero-image\"><img decoding=\"async\" class=\"\" src=\"https:\/\/m.media-amazon.com\/images\/S\/aplus-media-library-service-media\/65455c35-212e-4d47-a46c-90a299ab9526.__CR0,0,970,300_PT0_SX970_V1___.png\" alt=\"4-in-1 vegetable cutter set\" data-src=\"https:\/\/m.media-amazon.com\/images\/S\/aplus-media-library-service-media\/65455c35-212e-4d47-a46c-90a299ab9526.__CR0,0,970,300_PT0_SX970_V1___.png\" \/><\/div>\n<\/div>\n<\/div>\n<div><\/div>\n<\/div>\n<div class=\"celwidget aplus-module 3p-module-b aplus-standard\" data-csa-c-id=\"9f4trw-vnc7u9-kbpl1o-3svvcd\" data-cel-widget=\"aplus-3p-module-b\">\n<div class=\"aplus-module-wrapper aplus-3p-fixed-width\"><img decoding=\"async\" class=\"a-spacing-base\" src=\"https:\/\/m.media-amazon.com\/images\/S\/aplus-media-library-service-media\/b38ef16d-8565-4b9c-a26b-fbd999d50862.__CR0,0,970,600_PT0_SX970_V1___.png\" alt=\"4-in-1 vegetable cutter set\" data-src=\"https:\/\/m.media-amazon.com\/images\/S\/aplus-media-library-service-media\/b38ef16d-8565-4b9c-a26b-fbd999d50862.__CR0,0,970,600_PT0_SX970_V1___.png\" \/><\/p>\n<h3 class=\"a-spacing-mini\">Cortador de verduras el\u00e9ctrico port\u00e1til multifuncional 4 en 1<\/h3>\n<p class=\"a-spacing-base\">Este juego de cortador el\u00e9ctrico port\u00e1til multifuncional 4 en 1, el motor mejorado en nuestro cortador de verduras lo ayuda a destacarse de la competencia. Rompe el modo flotante y haga clic de la pasta de ajo el\u00e9ctrica tradicional, se adapta al dise\u00f1o ergon\u00f3mico, las manos no se cansar\u00e1n. Un procesador de alimentos, mini licuadora, m\u00e1quina para hacer comida para beb\u00e9s, picadora, herramienta para picar ajo, cortador de uvas y picadora de carne.<\/p>\n<\/div>\n<\/div>\n<div class=\"celwidget aplus-module 3p-module-b aplus-standard\" data-csa-c-id=\"p98h4x-50ux6g-xksehr-oukuje\" data-cel-widget=\"aplus-3p-module-b\">\n<div class=\"aplus-module-wrapper aplus-3p-fixed-width\"><img decoding=\"async\" class=\"a-spacing-base\" src=\"https:\/\/m.media-amazon.com\/images\/S\/aplus-media-library-service-media\/2005e9f3-6455-4de5-bc94-00714caa61c9.__CR0,0,970,600_PT0_SX970_V1___.png\" alt=\"4-in-1 vegetable cutter set\" data-src=\"https:\/\/m.media-amazon.com\/images\/S\/aplus-media-library-service-media\/2005e9f3-6455-4de5-bc94-00714caa61c9.__CR0,0,970,600_PT0_SX970_V1___.png\" \/><\/p>\n<h3 class=\"a-spacing-mini\">Rebanador de verduras<\/h3>\n<p class=\"a-spacing-base\">Cortador el\u00e9ctrico port\u00e1til de verduras, un juego con cuatro funciones en una: cortar verduras, cocinar verduras, pelar y otras m\u00e1s. Hace que picar y decorar sea m\u00e1s f\u00e1cil y fresco.<\/p>\n<\/div>\n<\/div>\n<div class=\"celwidget aplus-module 3p-module-b aplus-standard\" data-csa-c-id=\"l5w8nt-oorv6k-j3s50g-da5eg7\" data-cel-widget=\"aplus-3p-module-b\">\n<div class=\"aplus-module-wrapper aplus-3p-fixed-width\"><img decoding=\"async\" class=\"a-spacing-base\" src=\"https:\/\/m.media-amazon.com\/images\/S\/aplus-media-library-service-media\/09f0abbb-4026-40bd-af49-9c7cce37b07f.__CR0,0,970,600_PT0_SX970_V1___.png\" alt=\"4-in-1 vegetable cutter set\" data-src=\"https:\/\/m.media-amazon.com\/images\/S\/aplus-media-library-service-media\/09f0abbb-4026-40bd-af49-9c7cce37b07f.__CR0,0,970,600_PT0_SX970_V1___.png\" \/><\/p>\n<h3 class=\"a-spacing-mini\">Directamente en la olla<\/h3>\n<p class=\"a-spacing-base\">El cortador el\u00e9ctrico de verduras es la mejor mini herramienta de procesamiento de cocina, es ideal para picar jengibre, ajo, tomates, papas, ajo, cebollas.<\/p>\n<\/div>\n<\/div>\n<div class=\"celwidget aplus-module 3p-module-b aplus-standard\" data-csa-c-id=\"7rkpwd-hk5uza-2n8fa2-lmx5a0\" data-cel-widget=\"aplus-3p-module-b\">\n<div class=\"aplus-module-wrapper aplus-3p-fixed-width\"><img decoding=\"async\" class=\"a-spacing-base\" src=\"https:\/\/m.media-amazon.com\/images\/S\/aplus-media-library-service-media\/6d5ac029-cb96-4a32-bf57-6fdf3e534665.__CR0,202,1600,990_PT0_SX970_V1___.png\" alt=\"Egg &amp; Cream Blender\" data-src=\"https:\/\/m.media-amazon.com\/images\/S\/aplus-media-library-service-media\/6d5ac029-cb96-4a32-bf57-6fdf3e534665.__CR0,202,1600,990_PT0_SX970_V1___.png\" \/><\/p>\n<h3 class=\"a-spacing-mini\">Batidora de huevo y crema<\/h3>\n<p class=\"a-spacing-base\">La Batidora Recargable te permite elegir la velocidad de batido adecuada para espumar leche, caf\u00e9, latte, capuchino, leche con chocolate, t\u00e9 para lograr un efecto espumante ideal.<\/p>\n<\/div>\n<\/div>\n<\/div>\n<\/div>\n<\/div>\n<\/div>\n<\/div>\n<\/div>\n<\/div>","protected":false},"excerpt":{"rendered":"<p>&#8230;<\/p>","protected":false},"featured_media":5735,"comment_status":"open","ping_status":"closed","template":"","meta":[],"etheme_brands":[],"product_brand":[],"product_cat":[97],"product_tag":[],"class_list":{"0":"post-5736","1":"product","2":"type-product","3":"status-publish","4":"has-post-thumbnail","6":"product_cat-food-prep-tools","8":"first","9":"instock","10":"sale","11":"shipping-taxable","12":"purchasable","13":"product-type-simple"},"_links":{"self":[{"href":"https:\/\/solivexa.com\/es\/wp-json\/wp\/v2\/product\/5736","targetHints":{"allow":["GET"]}}],"collection":[{"href":"https:\/\/solivexa.com\/es\/wp-json\/wp\/v2\/product"}],"about":[{"href":"https:\/\/solivexa.com\/es\/wp-json\/wp\/v2\/types\/product"}],"replies":[{"embeddable":true,"href":"https:\/\/solivexa.com\/es\/wp-json\/wp\/v2\/comments?post=5736"}],"version-history":[{"count":0,"href":"https:\/\/solivexa.com\/es\/wp-json\/wp\/v2\/product\/5736\/revisions"}],"wp:featuredmedia":[{"embeddable":true,"href":"https:\/\/solivexa.com\/es\/wp-json\/wp\/v2\/media\/5735"}],"wp:attachment":[{"href":"https:\/\/solivexa.com\/es\/wp-json\/wp\/v2\/media?parent=5736"}],"wp:term":[{"taxonomy":"brand","embeddable":true,"href":"https:\/\/solivexa.com\/es\/wp-json\/wp\/v2\/etheme_brands?post=5736"},{"taxonomy":"product_brand","embeddable":true,"href":"https:\/\/solivexa.com\/es\/wp-json\/wp\/v2\/product_brand?post=5736"},{"taxonomy":"product_cat","embeddable":true,"href":"https:\/\/solivexa.com\/es\/wp-json\/wp\/v2\/product_cat?post=5736"},{"taxonomy":"product_tag","embeddable":true,"href":"https:\/\/solivexa.com\/es\/wp-json\/wp\/v2\/product_tag?post=5736"}],"curies":[{"name":"wp","href":"https:\/\/api.w.org\/{rel}","templated":true}]}}