{"id":5746,"date":"2026-01-14T21:54:01","date_gmt":"2026-01-14T21:54:01","guid":{"rendered":"https:\/\/solivexa.com\/product\/joseph-joseph-dish-drying-rack-with-wine-glass-holder-space-saving-2-tier-design-with-fast-draining-system\/"},"modified":"2026-01-14T22:50:43","modified_gmt":"2026-01-14T22:50:43","slug":"joseph-joseph-dish-drying-rack-with-wine-glass-holder-space-saving-2-tier-design-with-fast-draining-system","status":"publish","type":"product","link":"https:\/\/solivexa.com\/es\/producto\/joseph-joseph-dish-drying-rack-with-wine-glass-holder-space-saving-2-tier-design-with-fast-draining-system\/","title":{"rendered":"Joseph Joseph Escurridor de Platos con Soporte para Copas de Vino \u2013 Dise\u00f1o de 2 Niveles Ahorra Espacio con Sistema de Drenaje R\u00e1pido"},"content":{"rendered":"<div id=\"feature-bullets\">\n<hr aria-hidden=\"true\/\" \/>\n<h1>Acerca de este art\u00edculo<\/h1>\n<ul>\n<li>Dise\u00f1o de alta capacidad de 2 niveles que maximiza el espacio de drenaje<\/li>\n<li>Resistente cuerpo de acero inoxidable con un recubrimiento a prueba de huellas dactilares<\/li>\n<li>Porta copas de vino para hasta cuatro copas con riel recubierto anti-rayaduras<\/li>\n<li>Escurridor con desag\u00fce y cubertero extra\u00edble<\/li>\n<li>Dise\u00f1o de drenaje r\u00e1pido con costillas elevadas para evitar que el agua quede atrapada debajo de vasos y tazones<\/li>\n<\/ul>\n<p><!-- Loading EDP related metadata --><\/p>\n<div data-csa-c-content-id=\"voyager-product-details-jumplink\" data-csa-c-slot-id=\"voyager-product-details-jumplink\" data-csa-c-type=\"link\"><\/div>\n<\/div>\n<div id=\"productDescription\">\n<p><!-- show up to 2 reviews by default --><\/p>\n<p>Aproveche al m\u00e1ximo el espacio limitado en el fregadero con el escurridor Joseph Joseph con soporte para copas de vino. Su dise\u00f1o de dos niveles ofrece amplio espacio para apilar muchos platos en un \u00e1rea reducida. El soporte integrado para copas de vino cuenta con un riel recubierto anti-rayaduras que drena de forma segura hasta cuatro delicadas copas. El escurridor de cubiertos es m\u00f3vil, proporcionando espacio adicional para sus platos. Las costillas elevadas en la base evitan que el agua quede atrapada debajo de sus tazas y cuencos, y el pico integrado permite que el agua drene directamente al fregadero. El resistente cuerpo de acero inoxidable cuenta con un recubrimiento a prueba de huellas dactilares, lo que facilita su limpieza. Con su dise\u00f1o de drenaje r\u00e1pido, este escurridor ayudar\u00e1 a que lavar los platos sea pan comido. Tiene capacidad para hasta cuatro servicios, incluidas copas de vino altas de hasta 26 cm de alto x 9 cm de ancho (10,2 pulgadas de alto x 3,5 pulgadas de ancho). Lave y seque a mano.<\/p>\n<\/div>","protected":false},"excerpt":{"rendered":"<p>&#8230;<\/p>","protected":false},"featured_media":5745,"comment_status":"open","ping_status":"closed","template":"","meta":[],"etheme_brands":[],"product_brand":[],"product_cat":[100],"product_tag":[],"class_list":{"0":"post-5746","1":"product","2":"type-product","3":"status-publish","4":"has-post-thumbnail","6":"product_cat-kitchen-storage-organization","8":"first","9":"instock","10":"sale","11":"shipping-taxable","12":"purchasable","13":"product-type-simple"},"_links":{"self":[{"href":"https:\/\/solivexa.com\/es\/wp-json\/wp\/v2\/product\/5746","targetHints":{"allow":["GET"]}}],"collection":[{"href":"https:\/\/solivexa.com\/es\/wp-json\/wp\/v2\/product"}],"about":[{"href":"https:\/\/solivexa.com\/es\/wp-json\/wp\/v2\/types\/product"}],"replies":[{"embeddable":true,"href":"https:\/\/solivexa.com\/es\/wp-json\/wp\/v2\/comments?post=5746"}],"version-history":[{"count":0,"href":"https:\/\/solivexa.com\/es\/wp-json\/wp\/v2\/product\/5746\/revisions"}],"wp:featuredmedia":[{"embeddable":true,"href":"https:\/\/solivexa.com\/es\/wp-json\/wp\/v2\/media\/5745"}],"wp:attachment":[{"href":"https:\/\/solivexa.com\/es\/wp-json\/wp\/v2\/media?parent=5746"}],"wp:term":[{"taxonomy":"brand","embeddable":true,"href":"https:\/\/solivexa.com\/es\/wp-json\/wp\/v2\/etheme_brands?post=5746"},{"taxonomy":"product_brand","embeddable":true,"href":"https:\/\/solivexa.com\/es\/wp-json\/wp\/v2\/product_brand?post=5746"},{"taxonomy":"product_cat","embeddable":true,"href":"https:\/\/solivexa.com\/es\/wp-json\/wp\/v2\/product_cat?post=5746"},{"taxonomy":"product_tag","embeddable":true,"href":"https:\/\/solivexa.com\/es\/wp-json\/wp\/v2\/product_tag?post=5746"}],"curies":[{"name":"wp","href":"https:\/\/api.w.org\/{rel}","templated":true}]}}