{"id":5965,"date":"2026-03-13T23:03:13","date_gmt":"2026-03-13T23:03:13","guid":{"rendered":"https:\/\/solivexa.com\/product\/charmline-smart-cutting-board-and-knife-set-with-holder-double-cleaning-and-drying-function-space-saving-smart-home-gadgets-keeping-kitchen-clean-and-tidy-brown\/"},"modified":"2026-03-13T23:05:31","modified_gmt":"2026-03-13T23:05:31","slug":"charmline-smart-cutting-board-and-knife-set-with-holder-double-cleaning-and-drying-function-space-saving-smart-home-gadgets-keeping-kitchen-clean-and-tidy-brown","status":"publish","type":"product","link":"https:\/\/solivexa.com\/es\/producto\/charmline-smart-cutting-board-and-knife-set-with-holder-double-cleaning-and-drying-function-space-saving-smart-home-gadgets-keeping-kitchen-clean-and-tidy-brown\/","title":{"rendered":"Tabla de cortar inteligente Charmline y set de cuchillos con soporte. Doble funci\u00f3n de limpieza y secado. Gadgets inteligentes que ahorran espacio para el hogar. Manteniendo la cocina limpia y ordenada. Marr\u00f3n"},"content":{"rendered":"<div id=\"feature-bullets\">\n<hr aria-hidden=\"true\/\" \/>\n<h1>Acerca de este art\u00edculo<\/h1>\n<ul>\n<li>Tabla de cortar inteligente: Cuando termines de usar el juego de tabla de cortar y cuchillo, simplemente l\u00e1valos y col\u00f3calos en el soporte. Presiona el bot\u00f3n. el soporte entrar\u00e1 autom\u00e1ticamente en modo de secado temporizado para mantener tus tablas de cortar y cuchillos limpios y secos.<\/li>\n<li>3 tablas de cortar codificadas por colores: Para diferentes alimentos. el dise\u00f1o de la superficie de la tabla de cortar tambi\u00e9n es diferente. la tabla de cortar para manipular pescado tiene un dise\u00f1o antideslizante. Las pesta\u00f1as de estilo \u00edndice en las tablas indican para qu\u00e9 tipo de alimento deben usarse: carne cruda, pescado crudo, verduras o alimentos cocidos.<\/li>\n<li>3 tablas codificadas por colores. Tenemos 4 cuchillos de diferentes tama\u00f1os y colores, un par de tijeras y un afilador dise\u00f1ado para manipular diferentes alimentos.<\/li>\n<li>Organizadores y almacenamiento de tablas de cortar: Organizaci\u00f3n y colocaci\u00f3n razonable y conveniente de sus tablas de cortar y cuchillos. Seque y limpie su tabla de cortar y cuchillos. Apto para lavavajillas.<\/li>\n<li>. Gadgets inteligentes y modernos para la cocina: Para hacer tu cocina m\u00e1s ordenada, limpia e inteligente. \u00bfEs este un producto caro? No, obtienes un juego de tablas de cortar bien dise\u00f1adas, un juego de cuchillos y, al mismo tiempo, tambi\u00e9n obtienes soportes inteligentes para tablas de cortar m\u00e1s avanzados, \u00a1y un estante para cuchillos!<\/li>\n<li>Te respaldamos: 12 meses de garant\u00eda y atenci\u00f3n al cliente atenta.<\/li>\n<\/ul>\n<p><!-- Loading EDP related metadata --><\/p>\n<\/div>\n<div>\n<div>\n<div>\n<hr class=\"bucketDivider\" noshade=\"noshade\" size=\"1\" \/>\n<h2>Descripci\u00f3n del producto<\/h2>\n<div lang=\"en_CA\">\n<div class=\"aplus-v2 desktop celwidget\" data-csa-c-id=\"or5y5h-eccqto-9lkstx-ivsyyi\" data-cel-widget=\"aplus\">\n<div class=\"celwidget aplus-module premium-module-1-image-text aplus-premium\" data-csa-c-id=\"2r5w69-qrqgym-ov0dzb-8y12v0\" data-cel-widget=\"aplus-premium-module-1-image-text\">\n<div class=\"a-section a-spacing-none premium-aplus premium-aplus-module-1 aplus-container-1\">\n<div class=\"a-section a-spacing-none aplus-display-table\">\n<div class=\"a-section a-spacing-none aplus-module-section aplus-display-table-cell aplus-image-section\"><img decoding=\"async\" class=\"\" src=\"https:\/\/m.media-amazon.com\/images\/S\/aplus-media-library-service-media\/f3c5824c-2d0d-433c-a94b-b84701f5ef92.__CR0,0,800,600_PT0_SX800_V1___.jpg\" alt=\"high required\" data-src=\"https:\/\/m.media-amazon.com\/images\/S\/aplus-media-library-service-media\/f3c5824c-2d0d-433c-a94b-b84701f5ef92.__CR0,0,800,600_PT0_SX800_V1___.jpg\" \/><\/div>\n<div class=\"a-section a-spacing-none aplus-module-section aplus-display-table-cell aplus-text-section-right\">\n<h3 class=\"aplus-h1 aplus-module-1-heading a-text-bold\">\u00bfQu\u00e9 poseer\u00e1s?<\/h3>\n<p class=\"aplus-p2 aplus-module-1-description\">\n<ul class=\"a-unordered-list a-vertical\">\n<li><span class=\"a-list-item\"><span class=\"a-text-bold\">Un set de tablas de cortar + un set de cuchillos + un soporte para cuchillos, \u00bfeso es todo?<\/span><\/span><\/li>\n<li><span class=\"a-list-item\"><span class=\"a-text-bold\">\u00a1No, no, no!\u00a0<\/span>Lo que posees es asombroso\u00a0<span class=\"a-text-bold\"><span class=\"a-text-italic\">organizador de cocina inteligente.\u00a0<\/span><\/span>Un artefacto para<span class=\"a-text-bold\"><span class=\"a-text-italic\">\u00a0elimina tus preocupaciones.<\/span><\/span><\/span><\/li>\n<\/ul>\n<p>&nbsp;<\/p>\n<p class=\"aplus-p2 aplus-module-1-description\">\n<ol class=\"a-ordered-list a-vertical\">\n<li><span class=\"a-list-item\">\u00bfSigues preocupado por el\u00a0<span class=\"a-text-bold\"><span class=\"a-text-italic\">cocina desordenada<\/span><\/span>?<\/span><\/li>\n<li><span class=\"a-list-item\">\u00bfSigues preocupada de que ya no puedas a\u00f1adir m\u00e1s utensilios de cocina a tu espacio en la encimera?<\/span><\/li>\n<li><span class=\"a-list-item\">\u00bfSigues preocupado por el\u00a0<span class=\"a-text-italic\"><span class=\"a-text-bold\">amenazas higi\u00e9nicas causadas por utensilios de cocina h\u00famedos<\/span><\/span>?<\/span><\/li>\n<\/ol>\n<p>&nbsp;<\/p>\n<\/div>\n<\/div>\n<\/div>\n<\/div>\n<div class=\"celwidget aplus-module premium-module-2-fullbackground-image aplus-premium\" data-csa-c-id=\"e69ypx-4v54w9-ahgbfr-4ozcg7\" data-cel-widget=\"aplus-premium-module-2-fullbackground-image\">\n<div class=\"a-section a-spacing-none premium-aplus premium-aplus-module-2\">\n<h1 class=\"a-text-center aplus-container-3 aplus-h1 a-text-bold\">No m\u00e1s preocupaciones por la cocina desordenada<\/h1>\n<div class=\"a-section a-spacing-none premium-background-wrapper\">\n<div class=\"a-section a-spacing-none background-image\"><img decoding=\"async\" class=\"\" src=\"https:\/\/m.media-amazon.com\/images\/S\/aplus-media-library-service-media\/3f25af19-9702-48bc-8527-b0a72e2215c7.__CR0,0,3999,1639_PT0_SX1464_V1___.jpg\" alt=\"all in one\" data-src=\"https:\/\/m.media-amazon.com\/images\/S\/aplus-media-library-service-media\/3f25af19-9702-48bc-8527-b0a72e2215c7.__CR0,0,3999,1639_PT0_SX1464_V1___.jpg\" \/><\/div>\n<\/div>\n<div class=\"a-section a-text-center\">\n<p class=\"aplus-description aplus-container-3 aplus-p1\">\n<ol class=\"a-ordered-list a-vertical\">\n<li><span class=\"a-list-item\"><span class=\"a-text-bold\"><span class=\"a-text-italic\">Organizador inteligente de cocina<\/span><\/span>\u00a0Combina cuchillos y tablas de cortar en un dise\u00f1o compacto.<\/span><\/li>\n<li><span class=\"a-list-item\">\u00a1Ok! Ahora, puedes aprovechar al m\u00e1ximo el espacio de mostrador que guardaste y\u00a0<span class=\"a-text-bold\"><span class=\"a-text-italic\">disfruta mostrando tus excepcionales habilidades culinarias<\/span><\/span>!<\/span><\/li>\n<\/ol>\n<p>&nbsp;<\/p>\n<\/div>\n<\/div>\n<\/div>\n<div class=\"celwidget aplus-module premium-module-4-two-column-images aplus-premium\" data-csa-c-id=\"ckz349-2aff1m-8ul95f-z9lxde\" data-cel-widget=\"aplus-premium-module-4-two-column-images\">\n<div class=\"a-section a-spacing-none premium-aplus premium-aplus-module-4 aplus-container-1\">\n<h1 class=\"a-text-center premium-module-4-heading aplus-h1 a-text-bold\">No m\u00e1s preocupaciones por la higiene en la cocina<\/h1>\n<div class=\"a-section a-spacing-none premium-aplus-two-column\">\n<div class=\"a-section a-spacing-none premium-aplus-column\">\n<div class=\"a-section a-spacing-none {'column-image'}\"><img decoding=\"async\" class=\"\" src=\"https:\/\/m.media-amazon.com\/images\/S\/aplus-media-library-service-media\/36824b04-a21f-4d7e-8b49-8f46e6c608d5.__CR0,0,1300,700_PT0_SX650_V1___.jpg\" alt=\"cb\" data-src=\"https:\/\/m.media-amazon.com\/images\/S\/aplus-media-library-service-media\/36824b04-a21f-4d7e-8b49-8f46e6c608d5.__CR0,0,1300,700_PT0_SX650_V1___.jpg\" \/><\/div>\n<div class=\"a-section a-spacing-none column-heading\">\n<h1 class=\"aplus-h3 a-text-bold\">Juego de tablas de cortar codificadas por colores<\/h1>\n<\/div>\n<div class=\"a-section a-spacing-none column-description\">\n<p class=\"aplus-p3\">\n<ol class=\"a-ordered-list a-vertical\">\n<li><span class=\"a-list-item\">Tres tablas de cortar codificadas por colores pueden ayudarte\u00a0<span class=\"a-text-bold\"><span class=\"a-text-italic\">prevenir la contaminaci\u00f3n cruzada<\/span><\/span>\u00a0asignando colores espec\u00edficos a diferentes tipos de alimentos.<\/span><\/li>\n<li><span class=\"a-list-item\">La tabla de cortar tiene etiquetas de categor\u00edas de alimentos, as\u00ed que t\u00fa\u00a0<span class=\"a-text-italic\"><span class=\"a-text-bold\">no tienes que preocuparte por mezclarlos<\/span><\/span>.<\/span><\/li>\n<\/ol>\n<p>&nbsp;<\/p>\n<\/div>\n<\/div>\n<div class=\"a-section a-spacing-none premium-aplus-column\">\n<div class=\"a-section a-spacing-none {'column-image'}\"><img decoding=\"async\" class=\"\" src=\"https:\/\/m.media-amazon.com\/images\/S\/aplus-media-library-service-media\/9871f5bf-de36-4808-a3d3-60a2f6f5d1a4.__CR0,0,1300,700_PT0_SX650_V1___.jpg\" alt=\"cl\" data-src=\"https:\/\/m.media-amazon.com\/images\/S\/aplus-media-library-service-media\/9871f5bf-de36-4808-a3d3-60a2f6f5d1a4.__CR0,0,1300,700_PT0_SX650_V1___.jpg\" \/><\/div>\n<div class=\"a-section a-spacing-none column-heading\">\n<h1 class=\"aplus-h3 a-text-bold\">Secado y limpieza<\/h1>\n<\/div>\n<div class=\"a-section a-spacing-none column-description\">\n<p class=\"aplus-p3\">\n<ol class=\"a-ordered-list a-vertical\">\n<li><span class=\"a-list-item\">Secar r\u00e1pidamente las tablas de cortar y los cuchillos es\u00a0<span class=\"a-text-italic\"><span class=\"a-text-bold\">beneficioso para la salud<\/span><\/span>\u00a0y tambi\u00e9n\u00a0<span class=\"a-text-italic\"><span class=\"a-text-bold\">prolongar su vida \u00fatil<\/span><\/span>.<\/span><\/li>\n<li><span class=\"a-list-item\"><span class=\"a-text-bold\"><span class=\"a-text-italic\">Limpieza profunda<\/span><\/span>\u00a0te da tranquilidad.<\/span><\/li>\n<\/ol>\n<p>&nbsp;<\/p>\n<\/div>\n<\/div>\n<\/div>\n<\/div>\n<\/div>\n<div class=\"celwidget aplus-module premium-module-4-two-column-images aplus-premium\" data-csa-c-id=\"b5e8oj-k4v3z1-u01i6h-5mkxv2\" data-cel-widget=\"aplus-premium-module-4-two-column-images\">\n<div class=\"a-section a-spacing-none premium-aplus premium-aplus-module-4 aplus-container-1\">\n<h1 class=\"a-text-center premium-module-4-heading aplus-h1 a-text-bold\">Hemos pensado en muchas cosas para ti<\/h1>\n<div class=\"a-section a-spacing-none premium-aplus-two-column\">\n<div class=\"a-section a-spacing-none premium-aplus-column\">\n<div class=\"a-section a-spacing-none {'column-image'}\"><img decoding=\"async\" class=\"\" src=\"https:\/\/m.media-amazon.com\/images\/S\/aplus-media-library-service-media\/6750b2af-2e58-477d-8138-eb0170413fe3.__CR0,0,1300,700_PT0_SX650_V1___.jpg\" alt=\"kf\" data-src=\"https:\/\/m.media-amazon.com\/images\/S\/aplus-media-library-service-media\/6750b2af-2e58-477d-8138-eb0170413fe3.__CR0,0,1300,700_PT0_SX650_V1___.jpg\" \/><\/div>\n<div class=\"a-section a-spacing-none column-heading\">\n<h1 class=\"aplus-h3 a-text-bold\">Un juego de cuchillos que encaja a la perfecci\u00f3n<\/h1>\n<\/div>\n<div class=\"a-section a-spacing-none column-description\">\n<p class=\"aplus-p3\">S\u00ed, hemos incluido una piedra de afilar, para que te ahorres otro gasto.<\/p>\n<\/div>\n<\/div>\n<div class=\"a-section a-spacing-none premium-aplus-column\">\n<div class=\"a-section a-spacing-none {'column-image'}\"><img decoding=\"async\" class=\"\" src=\"https:\/\/m.media-amazon.com\/images\/S\/aplus-media-library-service-media\/eb7fa8b8-d2d7-47f6-9629-30f630c4f4f8.__CR0,0,1300,700_PT0_SX650_V1___.jpg\" alt=\"cb\" data-src=\"https:\/\/m.media-amazon.com\/images\/S\/aplus-media-library-service-media\/eb7fa8b8-d2d7-47f6-9629-30f630c4f4f8.__CR0,0,1300,700_PT0_SX650_V1___.jpg\" \/><\/div>\n<div class=\"a-section a-spacing-none column-heading\">\n<h1 class=\"aplus-h3 a-text-bold\">Dise\u00f1o que no deja ning\u00fan rinc\u00f3n sin tocar<\/h1>\n<\/div>\n<div class=\"a-section a-spacing-none column-description\">\n<p class=\"aplus-p3\">S\u00ed, puedes comprar el set de tablas de cortar a juego por separado.<\/p>\n<\/div>\n<\/div>\n<\/div>\n<\/div>\n<\/div>\n<div class=\"celwidget aplus-module premium-module-2-fullbackground-image aplus-premium\" data-csa-c-id=\"8umeym-luzw3y-xlpy36-j30r3g\" data-cel-widget=\"aplus-premium-module-2-fullbackground-image\">\n<div class=\"a-section a-spacing-none premium-aplus premium-aplus-module-2\">\n<h1 class=\"a-text-center aplus-container-3 aplus-h1 a-text-bold\">\u00bfQu\u00e9? \u00bfTodav\u00eda te cuesta encontrar el regalo perfecto?<\/h1>\n<div class=\"a-section a-spacing-none premium-background-wrapper\">\n<div class=\"a-section a-spacing-none background-image\"><img decoding=\"async\" class=\"\" src=\"https:\/\/m.media-amazon.com\/images\/S\/aplus-media-library-service-media\/e4eba6f3-5b05-4f8c-aa77-62f17861b6a0.__CR0,0,4000,1639_PT0_SX1464_V1___.jpg\" alt=\"A Thoughtful Gift\" data-src=\"https:\/\/m.media-amazon.com\/images\/S\/aplus-media-library-service-media\/e4eba6f3-5b05-4f8c-aa77-62f17861b6a0.__CR0,0,4000,1639_PT0_SX1464_V1___.jpg\" \/><\/div>\n<\/div>\n<div class=\"a-section a-text-center\">\n<p class=\"aplus-description aplus-container-3 aplus-p1\"><span class=\"a-text-bold\">Primero, no es adecuado para todos. Solo es adecuado para amigos o familiares que disfrutan de la cocina y de cocinar.<\/span><\/p>\n<p class=\"aplus-description aplus-container-3 aplus-p1\"><span class=\"a-text-bold\">\u00bfPor qu\u00e9 elegirlo?<\/span><\/p>\n<p class=\"aplus-description aplus-container-3 aplus-p1\">\n<ol class=\"a-ordered-list a-vertical\">\n<li><span class=\"a-list-item\">Es un regalo muy pr\u00e1ctico, no solo un objeto decorativo que acumula polvo.<\/span><\/li>\n<li><span class=\"a-list-item\">Es un regalo considerado con un toque tecnol\u00f3gico. Tambi\u00e9n ofrecemos una variedad de opciones de apariencia.<\/span><\/li>\n<\/ol>\n<\/div>\n<\/div>\n<\/div>\n<\/div>\n<\/div>\n<\/div>\n<\/div>\n<\/div>","protected":false},"excerpt":{"rendered":"<p>&#8230;<\/p>","protected":false},"featured_media":5964,"comment_status":"open","ping_status":"closed","template":"","meta":[],"etheme_brands":[],"product_brand":[],"product_cat":[97,100],"product_tag":[],"class_list":{"0":"post-5965","1":"product","2":"type-product","3":"status-publish","4":"has-post-thumbnail","6":"product_cat-food-prep-tools","7":"product_cat-kitchen-storage-organization","9":"first","10":"instock","11":"sale","12":"shipping-taxable","13":"purchasable","14":"product-type-simple"},"_links":{"self":[{"href":"https:\/\/solivexa.com\/es\/wp-json\/wp\/v2\/product\/5965","targetHints":{"allow":["GET"]}}],"collection":[{"href":"https:\/\/solivexa.com\/es\/wp-json\/wp\/v2\/product"}],"about":[{"href":"https:\/\/solivexa.com\/es\/wp-json\/wp\/v2\/types\/product"}],"replies":[{"embeddable":true,"href":"https:\/\/solivexa.com\/es\/wp-json\/wp\/v2\/comments?post=5965"}],"version-history":[{"count":2,"href":"https:\/\/solivexa.com\/es\/wp-json\/wp\/v2\/product\/5965\/revisions"}],"predecessor-version":[{"id":5974,"href":"https:\/\/solivexa.com\/es\/wp-json\/wp\/v2\/product\/5965\/revisions\/5974"}],"wp:featuredmedia":[{"embeddable":true,"href":"https:\/\/solivexa.com\/es\/wp-json\/wp\/v2\/media\/5964"}],"wp:attachment":[{"href":"https:\/\/solivexa.com\/es\/wp-json\/wp\/v2\/media?parent=5965"}],"wp:term":[{"taxonomy":"brand","embeddable":true,"href":"https:\/\/solivexa.com\/es\/wp-json\/wp\/v2\/etheme_brands?post=5965"},{"taxonomy":"product_brand","embeddable":true,"href":"https:\/\/solivexa.com\/es\/wp-json\/wp\/v2\/product_brand?post=5965"},{"taxonomy":"product_cat","embeddable":true,"href":"https:\/\/solivexa.com\/es\/wp-json\/wp\/v2\/product_cat?post=5965"},{"taxonomy":"product_tag","embeddable":true,"href":"https:\/\/solivexa.com\/es\/wp-json\/wp\/v2\/product_tag?post=5965"}],"curies":[{"name":"wp","href":"https:\/\/api.w.org\/{rel}","templated":true}]}}