{"id":5990,"date":"2026-03-16T00:57:36","date_gmt":"2026-03-16T00:57:36","guid":{"rendered":"https:\/\/solivexa.com\/?post_type=product&#038;p=5990"},"modified":"2026-03-16T01:06:50","modified_gmt":"2026-03-16T01:06:50","slug":"meraki-espresso-machine","status":"publish","type":"product","link":"https:\/\/solivexa.com\/es\/producto\/meraki-espresso-machine\/","title":{"rendered":"M\u00e1quina de Espresso Meraki"},"content":{"rendered":"<p><main id=\"MainContent\" class=\"content-for-layout focus-none\" tabindex=\"-1\" role=\"main\"><\/p>\n<div id=\"shopify-section-template--25518799618335__product_text_with_image_gyEy6a\" class=\"shopify-section\">\n<div class=\"product-text-with-image-container\">\n<div class=\"product-text-with-image-content container-default\">\n<h2 id=\"title_nhQ6LQ\" class=\"product-text-with-image-title index-section-header-h2\">Espresso en Casa<br \/>\nSin compensaciones<\/h2>\n<div id=\"paragraph_D9nCAh\" class=\"product-text-with-image-paragraph\">\n<p>Pensando en el espresso en casa...<br \/>\npero inseguro de qu\u00e9 tendr\u00e1s que aceptar<\/p>\n<p>Demasiado por aprender.<br \/>\nResultados inconsistentes.<br \/>\nNunca a la altura de un caf\u00e9 de cafeter\u00eda.<\/p>\n<p>Esto no se trata de habilidad ni de experiencia.<br \/>\nAs\u00ed es como sol\u00edan construirse la mayor\u00eda de las m\u00e1quinas de espresso tradicionales.<\/p>\n<p>Meraki ofrece capacidad de nivel comercial<br \/>\nen un flujo de trabajo diario sin esfuerzo.<\/p>\n<\/div>\n<div id=\"image_7VxVRG\" class=\"product-text-with-image-image\"><picture><source srcset=\"\/\/www.merakitech.com\/cdn\/shop\/files\/Meraki_Dual_Boilar_Espresso_Machine-M.jpg?v=1772616213&amp;width=720\" media=\"(max-width: 46.875rem)\" \/><img loading=\"lazy\" decoding=\"async\" class=\"w-full h-full object-cover\" src=\"https:\/\/www.merakitech.com\/cdn\/shop\/files\/Meraki_Dual_Boilar_Espresso_Machine-PC.jpg?v=1772616214&amp;width=1400\" sizes=\"auto, (max-width: 990px) 20vw, (min-width: 990px) 100vw, 1400\" srcset=\"\/\/www.merakitech.com\/cdn\/shop\/files\/Meraki_Dual_Boilar_Espresso_Machine-PC.jpg?v=1772616214&amp;width=720 720w, \/\/www.merakitech.com\/cdn\/shop\/files\/Meraki_Dual_Boilar_Espresso_Machine-PC.jpg?v=1772616214&amp;width=940 940w, \/\/www.merakitech.com\/cdn\/shop\/files\/Meraki_Dual_Boilar_Espresso_Machine-PC.jpg?v=1772616214&amp;width=1400 1400w\" alt=\"\" width=\"1400\" height=\"809\" \/><\/picture><\/div>\n<\/div>\n<\/div>\n<\/div>\n<div id=\"shopify-section-template--25518799618335__function_bundle_eJcCBT\" class=\"shopify-section\">\n<div id=\"commercialPower\" class=\"function-bundle-section\">\n<div class=\"container-default function-bundle-section-container\"><\/div>\n<\/div>\n<\/div>\n<div id=\"shopify-section-template--25518799618335__function_bundle_JJRbBN\" class=\"shopify-section\">\n<div class=\"function-bundle-section\">\n<div class=\"container-default function-bundle-section-container\">\n<div class=\"function-bundle-section-blocks flex flex-col\">\n<div id=\"multiple-feature-block-single_feature_image_mJDRQ9\" class=\"multiple-feature-block single-feature-block-image\">\n<p class=\"multiple-feature-block__sub-desc\">\n<div class=\"multiple-feature-block__main\">\n<div class=\"multiple-feature-block__video single-feature-block__image\"><img loading=\"lazy\" decoding=\"async\" class=\"desktop-image\" src=\"https:\/\/www.merakitech.com\/cdn\/shop\/files\/Part3-01_e37c7b2c-9e27-4e56-a096-e0648ba11673.png?v=1763534534&amp;width=1400\" sizes=\"auto, (max-width: 990px) 20vw, (min-width: 990px) 100vw, 1400\" srcset=\"\/\/www.merakitech.com\/cdn\/shop\/files\/Part3-01_e37c7b2c-9e27-4e56-a096-e0648ba11673.png?v=1763534534&amp;width=1400 1400w\" alt=\"Sleek, Refined, Compact \u2014 Designed for Your Kitchen\" width=\"1400\" height=\"602\" \/><\/div>\n<\/div>\n<\/div>\n<\/div>\n<\/div>\n<\/div>\n<\/div>\n<section id=\"shopify-section-template--25518799618335__feature_4_grid_wEfEyn\" class=\"shopify-section section\">\n<div class=\"feature-4-grid\">\n<div class=\"page-width\">\n<div class=\"feature-4-grid__header\">\n<h2 class=\"index-section-header-h2\">Complementos f\u00e1ciles de usar<\/h2>\n<\/div>\n<ul class=\"feature-4-grid__grid\" role=\"list\">\n<li class=\"feature-4-grid__item\">\n<div class=\"feature-4-grid__item-image-wrapper\"><img loading=\"lazy\" decoding=\"async\" class=\"feature-4-grid__image\" src=\"https:\/\/www.merakitech.com\/cdn\/shop\/files\/4__1.png?v=1763104782&amp;width=1000\" srcset=\"\/\/www.merakitech.com\/cdn\/shop\/files\/4__1.png?v=1763104782&amp;width=200 200w, \/\/www.merakitech.com\/cdn\/shop\/files\/4__1.png?v=1763104782&amp;width=300 300w, \/\/www.merakitech.com\/cdn\/shop\/files\/4__1.png?v=1763104782&amp;width=400 400w, \/\/www.merakitech.com\/cdn\/shop\/files\/4__1.png?v=1763104782&amp;width=500 500w, \/\/www.merakitech.com\/cdn\/shop\/files\/4__1.png?v=1763104782&amp;width=600 600w, \/\/www.merakitech.com\/cdn\/shop\/files\/4__1.png?v=1763104782&amp;width=700 700w, \/\/www.merakitech.com\/cdn\/shop\/files\/4__1.png?v=1763104782&amp;width=800 800w, \/\/www.merakitech.com\/cdn\/shop\/files\/4__1.png?v=1763104782&amp;width=900 900w, \/\/www.merakitech.com\/cdn\/shop\/files\/4__1.png?v=1763104782&amp;width=1000 1000w\" alt=\"OTA Software Updates\" width=\"1000\" height=\"691\" \/><\/div>\n<div class=\"feature-4-grid__item-content\">\n<h3 class=\"feature-4-grid__item-title\">Actualizaciones de software OTA<\/h3>\n<p class=\"feature-4-grid__item-description\">Recibe actualizaciones OTA regulares.<\/p>\n<\/div>\n<\/li>\n<li class=\"feature-4-grid__item\">\n<div class=\"feature-4-grid__item-image-wrapper\"><img loading=\"lazy\" decoding=\"async\" class=\"feature-4-grid__image\" src=\"https:\/\/www.merakitech.com\/cdn\/shop\/files\/double-spout.png?v=1750737569&amp;width=1000\" srcset=\"\/\/www.merakitech.com\/cdn\/shop\/files\/double-spout.png?v=1750737569&amp;width=200 200w, \/\/www.merakitech.com\/cdn\/shop\/files\/double-spout.png?v=1750737569&amp;width=300 300w, \/\/www.merakitech.com\/cdn\/shop\/files\/double-spout.png?v=1750737569&amp;width=400 400w, \/\/www.merakitech.com\/cdn\/shop\/files\/double-spout.png?v=1750737569&amp;width=500 500w, \/\/www.merakitech.com\/cdn\/shop\/files\/double-spout.png?v=1750737569&amp;width=600 600w, \/\/www.merakitech.com\/cdn\/shop\/files\/double-spout.png?v=1750737569&amp;width=700 700w, \/\/www.merakitech.com\/cdn\/shop\/files\/double-spout.png?v=1750737569&amp;width=800 800w, \/\/www.merakitech.com\/cdn\/shop\/files\/double-spout.png?v=1750737569&amp;width=900 900w, \/\/www.merakitech.com\/cdn\/shop\/files\/double-spout.png?v=1750737569&amp;width=1000 1000w\" alt=\"Removable Double Spout\" width=\"1000\" height=\"691\" \/><\/div>\n<div class=\"feature-4-grid__item-content\">\n<h3 class=\"feature-4-grid__item-title\">Doble Pico Extra\u00edble<\/h3>\n<p class=\"feature-4-grid__item-description\">Logra un vertido controlado con una boquilla vers\u00e1til.<\/p>\n<\/div>\n<\/li>\n<li class=\"feature-4-grid__item\">\n<div class=\"feature-4-grid__item-image-wrapper\"><img loading=\"lazy\" decoding=\"async\" class=\"feature-4-grid__image\" src=\"https:\/\/www.merakitech.com\/cdn\/shop\/files\/4-03.png?v=1763104784&amp;width=1000\" srcset=\"\/\/www.merakitech.com\/cdn\/shop\/files\/4-03.png?v=1763104784&amp;width=200 200w, \/\/www.merakitech.com\/cdn\/shop\/files\/4-03.png?v=1763104784&amp;width=300 300w, \/\/www.merakitech.com\/cdn\/shop\/files\/4-03.png?v=1763104784&amp;width=400 400w, \/\/www.merakitech.com\/cdn\/shop\/files\/4-03.png?v=1763104784&amp;width=500 500w, \/\/www.merakitech.com\/cdn\/shop\/files\/4-03.png?v=1763104784&amp;width=600 600w, \/\/www.merakitech.com\/cdn\/shop\/files\/4-03.png?v=1763104784&amp;width=700 700w, \/\/www.merakitech.com\/cdn\/shop\/files\/4-03.png?v=1763104784&amp;width=800 800w, \/\/www.merakitech.com\/cdn\/shop\/files\/4-03.png?v=1763104784&amp;width=900 900w, \/\/www.merakitech.com\/cdn\/shop\/files\/4-03.png?v=1763104784&amp;width=1000 1000w\" alt=\"Magnetic Dosing Cup\" width=\"1000\" height=\"691\" \/><\/div>\n<div class=\"feature-4-grid__item-content\">\n<h3 class=\"feature-4-grid__item-title\">Taza dosificadora magn\u00e9tica<\/h3>\n<p class=\"feature-4-grid__item-description\">Captura sin esfuerzo los posos para mediciones precisas.<\/p>\n<\/div>\n<\/li>\n<li class=\"feature-4-grid__item\">\n<div class=\"feature-4-grid__item-image-wrapper\"><img loading=\"lazy\" decoding=\"async\" class=\"feature-4-grid__image\" src=\"https:\/\/www.merakitech.com\/cdn\/shop\/files\/Frame_670.png?v=1750737558&amp;width=1000\" srcset=\"\/\/www.merakitech.com\/cdn\/shop\/files\/Frame_670.png?v=1750737558&amp;width=200 200w, \/\/www.merakitech.com\/cdn\/shop\/files\/Frame_670.png?v=1750737558&amp;width=300 300w, \/\/www.merakitech.com\/cdn\/shop\/files\/Frame_670.png?v=1750737558&amp;width=400 400w, \/\/www.merakitech.com\/cdn\/shop\/files\/Frame_670.png?v=1750737558&amp;width=500 500w, \/\/www.merakitech.com\/cdn\/shop\/files\/Frame_670.png?v=1750737558&amp;width=600 600w, \/\/www.merakitech.com\/cdn\/shop\/files\/Frame_670.png?v=1750737558&amp;width=700 700w, \/\/www.merakitech.com\/cdn\/shop\/files\/Frame_670.png?v=1750737558&amp;width=800 800w, \/\/www.merakitech.com\/cdn\/shop\/files\/Frame_670.png?v=1750737558&amp;width=900 900w, \/\/www.merakitech.com\/cdn\/shop\/files\/Frame_670.png?v=1750737558&amp;width=1000 1000w\" alt=\"Transparent Water Tank\" width=\"1000\" height=\"691\" \/><\/div>\n<div class=\"feature-4-grid__item-content\">\n<h3 class=\"feature-4-grid__item-title\">Tanque de agua transparente<\/h3>\n<p class=\"feature-4-grid__item-description\">Monitorea f\u00e1cilmente los niveles de agua de un vistazo.<\/p>\n<\/div>\n<\/li>\n<li class=\"feature-4-grid__item\">\n<div class=\"feature-4-grid__item-image-wrapper\"><img loading=\"lazy\" decoding=\"async\" class=\"feature-4-grid__image\" src=\"https:\/\/www.merakitech.com\/cdn\/shop\/files\/Group_372.png?v=1750737558&amp;width=1000\" srcset=\"\/\/www.merakitech.com\/cdn\/shop\/files\/Group_372.png?v=1750737558&amp;width=200 200w, \/\/www.merakitech.com\/cdn\/shop\/files\/Group_372.png?v=1750737558&amp;width=300 300w, \/\/www.merakitech.com\/cdn\/shop\/files\/Group_372.png?v=1750737558&amp;width=400 400w, \/\/www.merakitech.com\/cdn\/shop\/files\/Group_372.png?v=1750737558&amp;width=500 500w, \/\/www.merakitech.com\/cdn\/shop\/files\/Group_372.png?v=1750737558&amp;width=600 600w, \/\/www.merakitech.com\/cdn\/shop\/files\/Group_372.png?v=1750737558&amp;width=700 700w, \/\/www.merakitech.com\/cdn\/shop\/files\/Group_372.png?v=1750737558&amp;width=800 800w, \/\/www.merakitech.com\/cdn\/shop\/files\/Group_372.png?v=1750737558&amp;width=900 900w, \/\/www.merakitech.com\/cdn\/shop\/files\/Group_372.png?v=1750737558&amp;width=1000 1000w\" alt=\"Splash-Free Design\" width=\"1000\" height=\"691\" \/><\/div>\n<div class=\"feature-4-grid__item-content\">\n<h3 class=\"feature-4-grid__item-title\">Dise\u00f1o sin salpicaduras<\/h3>\n<p class=\"feature-4-grid__item-description\">Prepara caf\u00e9 sin desorden para mantener tu cocina impecable y elegante.<\/p>\n<\/div>\n<\/li>\n<li class=\"feature-4-grid__item\">\n<div class=\"feature-4-grid__item-image-wrapper\"><img loading=\"lazy\" decoding=\"async\" class=\"feature-4-grid__image\" src=\"https:\/\/www.merakitech.com\/cdn\/shop\/files\/4-06.png?v=1763104785&amp;width=1000\" srcset=\"\/\/www.merakitech.com\/cdn\/shop\/files\/4-06.png?v=1763104785&amp;width=200 200w, \/\/www.merakitech.com\/cdn\/shop\/files\/4-06.png?v=1763104785&amp;width=300 300w, \/\/www.merakitech.com\/cdn\/shop\/files\/4-06.png?v=1763104785&amp;width=400 400w, \/\/www.merakitech.com\/cdn\/shop\/files\/4-06.png?v=1763104785&amp;width=500 500w, \/\/www.merakitech.com\/cdn\/shop\/files\/4-06.png?v=1763104785&amp;width=600 600w, \/\/www.merakitech.com\/cdn\/shop\/files\/4-06.png?v=1763104785&amp;width=700 700w, \/\/www.merakitech.com\/cdn\/shop\/files\/4-06.png?v=1763104785&amp;width=800 800w, \/\/www.merakitech.com\/cdn\/shop\/files\/4-06.png?v=1763104785&amp;width=900 900w, \/\/www.merakitech.com\/cdn\/shop\/files\/4-06.png?v=1763104785&amp;width=1000 1000w\" alt=\"360\u00b0 Rotatable Steam Wand\" width=\"1000\" height=\"691\" \/><\/div>\n<div class=\"feature-4-grid__item-content\">\n<h3 class=\"feature-4-grid__item-title\">Varilla de vapor giratoria 360\u00b0<\/h3>\n<p class=\"feature-4-grid__item-description\">Ajustable a tu posici\u00f3n ideal.<\/p>\n<\/div>\n<div class=\"card card--standard         card--media\"><\/p>\n<div class=\"card__content\"><\/div>\n<\/div>\n<\/li>\n<\/ul>\n<\/div>\n<\/div>\n<\/section>\n<section id=\"shopify-section-template--25518799618335__1750734047b0863eaf\" class=\"shopify-section section\">\n<div class=\"page-width scroll-trigger animate--slide-in scroll-trigger--offscreen\">\n<div id=\"shopify-block-AeUdmWG9WNnJtNXdhe__judge_me_reviews_review_widget_XxgmWw\" class=\"shopify-block shopify-app-block\">\n<div id=\"judgeme_product_reviews\" class=\"jdgm-widget jdgm-review-widget jdgm--done-setup-widget\" data-product-title=\"Meraki Espresso Machine\" data-id=\"9390026391839\" data-product-id=\"9390026391839\" data-widget=\"review\" data-shop-reviews=\"false\" data-shop-reviews-count=\"4\" data-empty-state=\"empty_widget\" data-entry-point=\"review_widget.js\" data-entry-key=\"review-widget\/main.js\" data-block-id=\"AeUdmWG9WNnJtNXdhe__judge_me_reviews_review_widget_XxgmWw\" data-customer-logged-in=\"false\" data-widget-name=\"review_widget\" data-impressions-tracked=\"true\">\n<div class=\"jdgm-legacy-widget-content\">\n<div class=\"jdgm-rev-widg\" data-updated-at=\"2026-03-15T22:19:34Z\" data-average-rating=\"4.93\" data-number-of-reviews=\"296\" data-number-of-questions=\"0\" data-image-url=\"https:\/\/cdn.shopify.com\/s\/files\/1\/0872\/9994\/8831\/files\/2_85146c68-7fc3-48f4-a58e-2d6ee5fcaedd.png?v=1771056150\">\n<div class=\"jdgm-rev-widg__body\">\n<div class=\"jdgm-rev-widg__other-lang\">\n<div class=\"jdgm-rev-widg__other-content\">\n<div class=\"jdgm-rev-widg__reviews\">\n<div class=\"jdgm-rev jdgm-divider-top jdgm--done-setup jdgm--leex-done-setup\" data-verified-buyer=\"true\" data-review-id=\"7b80cefc-ee11-4a99-871a-5747eeaccf6c\" data-review-language=\"\" data-product-title=\"Meraki Espresso Machine\" data-product-url=\"https:\/\/eu.merakitech.com\/products\/meraki-espresso-machine-eu\" data-thumb-up-count=\"0\" data-thumb-down-count=\"0\"><\/div>\n<\/div>\n<\/div>\n<\/div>\n<\/div>\n<\/div>\n<\/div>\n<\/div>\n<\/div>\n<\/div>\n<\/section>\n<p><\/main><\/p>\n<div class=\"product-media-modal__dialog color-scheme-c3e136d1-2891-484b-91fb-9b6e6e4f7dea gradient\" tabindex=\"-1\" role=\"dialog\" aria-label=\"Galer\u00eda de medios\" aria-modal=\"true\"><button id=\"ModalClose-template--25518799618335__main\" class=\"product-media-modal__toggle\" type=\"button\" aria-label=\"Cerrar\"><\/button><\/p>\n<div class=\"product-media-modal__content color-scheme-c3e136d1-2891-484b-91fb-9b6e6e4f7dea gradient\" tabindex=\"0\" role=\"document\" aria-label=\"Galer\u00eda de medios\"><img loading=\"lazy\" decoding=\"async\" class=\"global-media-settings global-media-settings--no-shadow product__media-item--variant\" src=\"https:\/\/www.merakitech.com\/cdn\/shop\/files\/517659a0e52d25fd9395f775100d2572.jpg?v=1772615577&amp;width=1445\" sizes=\"auto, (min-width: 750px) calc(100vw - 22rem), 1100px\" srcset=\"\/\/www.merakitech.com\/cdn\/shop\/files\/517659a0e52d25fd9395f775100d2572.jpg?v=1772615577&amp;width=550 550w,\/\/www.merakitech.com\/cdn\/shop\/files\/517659a0e52d25fd9395f775100d2572.jpg?v=1772615577 1024w    \" alt=\"Black Meraki espresso machine with integrated grinder and guided touchscreen workflow.\" width=\"1100\" height=\"1100\" data-media-id=\"53404152922399\" \/><img loading=\"lazy\" decoding=\"async\" class=\"global-media-settings global-media-settings--no-shadow\" src=\"https:\/\/www.merakitech.com\/cdn\/shop\/files\/2_85146c68-7fc3-48f4-a58e-2d6ee5fcaedd.png?v=1771056150&amp;width=1445\" sizes=\"auto, (min-width: 750px) calc(100vw - 22rem), 1100px\" srcset=\"\/\/www.merakitech.com\/cdn\/shop\/files\/2_85146c68-7fc3-48f4-a58e-2d6ee5fcaedd.png?v=1771056150&amp;width=550 550w,\/\/www.merakitech.com\/cdn\/shop\/files\/2_85146c68-7fc3-48f4-a58e-2d6ee5fcaedd.png?v=1771056150&amp;width=1100 1100w,\/\/www.merakitech.com\/cdn\/shop\/files\/2_85146c68-7fc3-48f4-a58e-2d6ee5fcaedd.png?v=1771056150&amp;width=1445 1445w,\/\/www.merakitech.com\/cdn\/shop\/files\/2_85146c68-7fc3-48f4-a58e-2d6ee5fcaedd.png?v=1771056150&amp;width=1680 1680w,\/\/www.merakitech.com\/cdn\/shop\/files\/2_85146c68-7fc3-48f4-a58e-2d6ee5fcaedd.png?v=1771056150 2000w    \" alt=\"Black Meraki espresso machine in action, designed for refined home espresso brewing.\" width=\"1100\" height=\"1100\" data-media-id=\"55400142930207\" \/><\/div>\n<\/div>\n<div class=\"quick-add-modal__content global-settings-popup\" tabindex=\"-1\" role=\"dialog\" aria-label=\"Elegir opciones para el dep\u00f3sito de caf\u00e9 en grano\" aria-modal=\"true\"><\/div>\n<div id=\"web-pixels-manager-sandbox-container\" tabindex=\"-1\" aria-hidden=\"true\" data-shopify-privacy=\"exclude\"><\/div>","protected":false},"excerpt":{"rendered":"<p>&#8230;<\/p>","protected":false},"featured_media":5991,"comment_status":"open","ping_status":"closed","template":"","meta":[],"etheme_brands":[],"product_brand":[],"product_cat":[99],"product_tag":[],"class_list":{"0":"post-5990","1":"product","2":"type-product","3":"status-publish","4":"has-post-thumbnail","6":"product_cat-cooking-essentials","8":"first","9":"instock","10":"sale","11":"shipping-taxable","12":"purchasable","13":"product-type-variable","14":"has-default-attributes"},"_links":{"self":[{"href":"https:\/\/solivexa.com\/es\/wp-json\/wp\/v2\/product\/5990","targetHints":{"allow":["GET"]}}],"collection":[{"href":"https:\/\/solivexa.com\/es\/wp-json\/wp\/v2\/product"}],"about":[{"href":"https:\/\/solivexa.com\/es\/wp-json\/wp\/v2\/types\/product"}],"replies":[{"embeddable":true,"href":"https:\/\/solivexa.com\/es\/wp-json\/wp\/v2\/comments?post=5990"}],"version-history":[{"count":3,"href":"https:\/\/solivexa.com\/es\/wp-json\/wp\/v2\/product\/5990\/revisions"}],"predecessor-version":[{"id":6007,"href":"https:\/\/solivexa.com\/es\/wp-json\/wp\/v2\/product\/5990\/revisions\/6007"}],"wp:featuredmedia":[{"embeddable":true,"href":"https:\/\/solivexa.com\/es\/wp-json\/wp\/v2\/media\/5991"}],"wp:attachment":[{"href":"https:\/\/solivexa.com\/es\/wp-json\/wp\/v2\/media?parent=5990"}],"wp:term":[{"taxonomy":"brand","embeddable":true,"href":"https:\/\/solivexa.com\/es\/wp-json\/wp\/v2\/etheme_brands?post=5990"},{"taxonomy":"product_brand","embeddable":true,"href":"https:\/\/solivexa.com\/es\/wp-json\/wp\/v2\/product_brand?post=5990"},{"taxonomy":"product_cat","embeddable":true,"href":"https:\/\/solivexa.com\/es\/wp-json\/wp\/v2\/product_cat?post=5990"},{"taxonomy":"product_tag","embeddable":true,"href":"https:\/\/solivexa.com\/es\/wp-json\/wp\/v2\/product_tag?post=5990"}],"curies":[{"name":"wp","href":"https:\/\/api.w.org\/{rel}","templated":true}]}}