{"id":6395,"date":"2026-04-15T13:27:54","date_gmt":"2026-04-15T13:27:54","guid":{"rendered":"https:\/\/solivexa.com\/?post_type=product&#038;p=6395"},"modified":"2026-04-15T13:36:07","modified_gmt":"2026-04-15T13:36:07","slug":"samsung-galaxy-a06-4g-lte-64gb-4gb-latin-version-sm-a065m-ds-factory-unlocked-6-7-dual-sim-50mp-dual-cam-case-bundle-black","status":"publish","type":"product","link":"https:\/\/solivexa.com\/es\/producto\/samsung-galaxy-a06-4g-lte-64gb-4gb-latin-version-sm-a065m-ds-factory-unlocked-6-7-dual-sim-50mp-dual-cam-case-bundle-black\/","title":{"rendered":"Samsung Galaxy A06 4G LTE (64 GB + 4 GB) Versi\u00f3n Latinoam\u00e9rica SM-A065M\/DS Desbloqueado de f\u00e1brica Pantalla dual de 6.7\" Doble c\u00e1mara de 50 MP (con estuche) \u2013 (Negro)"},"content":{"rendered":"<div id=\"feature-bullets\">\n<hr aria-hidden=\"true\/\" \/>\n<h2 class=\"a-size-base-plus a-text-bold\">Acerca de este art\u00edculo<\/h2>\n<ul class=\"a-unordered-list a-vertical a-spacing-mini\">\n<li class=\"a-spacing-mini\"><span class=\"a-list-item\">Bandas 4G LTE: 1, 3, 5, 7, 8, 20, 28, 38, 40, 41 (Este modelo no es compatible con 5G)<\/span><\/li>\n<li class=\"a-spacing-mini\"><span class=\"a-list-item\">Pantalla: PLS LCD | 6.7 pulgadas, 108.4 cm2 (~83.8% relaci\u00f3n pantalla-cuerpo) | 720 x 1600 p\u00edxeles, relaci\u00f3n 20:9 (~262 ppi de densidad)<\/span><\/li>\n<li class=\"a-spacing-mini\"><span class=\"a-list-item\">C\u00e1mara: 50 MP, f\/1.8, (gran angular), AF | 2 MP, f\/2.4, (profundidad)<\/span><\/li>\n<li class=\"a-spacing-mini\"><span class=\"a-list-item\">Bater\u00eda: Li-Po 5000 mAh, no extra\u00edble | 25W con cable<\/span><\/li>\n<li class=\"a-spacing-mini\"><span class=\"a-list-item\">Este dispositivo es compatible con la mayor\u00eda de las redes de EE. UU. y cualquier red GSM fuera de los Estados Unidos. Por favor, contacta al vendedor para m\u00e1s informaci\u00f3n sobre compatibilidad con operadores. El adaptador de corriente es incluido por el vendedor.<\/span><\/li>\n<\/ul>\n<p><!-- Loading EDP related metadata --><\/p>\n<\/div>\n<div id=\"productDescription\">\n<p><!-- show up to 2 reviews by default --><\/p>\n<h2 class=\"default\">Descripci\u00f3n del producto<\/h2>\n<div id=\"productDescription\" class=\"a-section a-spacing-small\">\n<p>El Galaxy A06 es una combinaci\u00f3n de estilo, funcionalidad e innovaci\u00f3n. Con una impresionante pantalla TFT U-Cut de 6,7 pulgadas, este tel\u00e9fono inteligente ofrece una experiencia visual envolvente con un desplazamiento fluido a 60 Hz, ideal para ver contenido en streaming, jugar o navegar por Internet. Su perfil elegante, ahora con un grosor de solo 8,0 mm, irradia sofisticaci\u00f3n y est\u00e1 disponible en llamativos colores. Captura la vida con un detalle impresionante gracias a la c\u00e1mara principal de 50 MP de calidad profesional, complementada por una c\u00e1mara de profundidad de 2 MP y una c\u00e1mara frontal de 8 MP para selfies impecables. Con una potente bater\u00eda de 5000 mAh y carga r\u00e1pida de 25 W, el Galaxy A06 te garantiza que estar\u00e1s conectado todo el d\u00eda. Un procesador MediaTek G85 ofrece una multitarea fluida, mientras que Samsung Knox Vault mantiene tus datos seguros. Con hasta dos actualizaciones del sistema operativo y cuatro a\u00f1os de actualizaciones de seguridad, este dispositivo est\u00e1 dise\u00f1ado para durar. Funciones adicionales como Bienestar digital y las videollamadas integradas de Google Meet mejoran la productividad y el bienestar. Dise\u00f1ado para quienes valoran el rendimiento y la elegancia, el Galaxy A06 realmente se destaca.<\/p>\n<\/div>\n<\/div>","protected":false},"excerpt":{"rendered":"<p>&#8230;<\/p>","protected":false},"featured_media":6396,"comment_status":"open","ping_status":"closed","template":"","meta":[],"etheme_brands":[],"product_brand":[],"product_cat":[138],"product_tag":[139],"class_list":{"0":"post-6395","1":"product","2":"type-product","3":"status-publish","4":"has-post-thumbnail","6":"product_cat-phone","7":"product_tag-phone","9":"first","10":"instock","11":"sale","12":"shipping-taxable","13":"purchasable","14":"product-type-variable","15":"has-default-attributes"},"_links":{"self":[{"href":"https:\/\/solivexa.com\/es\/wp-json\/wp\/v2\/product\/6395","targetHints":{"allow":["GET"]}}],"collection":[{"href":"https:\/\/solivexa.com\/es\/wp-json\/wp\/v2\/product"}],"about":[{"href":"https:\/\/solivexa.com\/es\/wp-json\/wp\/v2\/types\/product"}],"replies":[{"embeddable":true,"href":"https:\/\/solivexa.com\/es\/wp-json\/wp\/v2\/comments?post=6395"}],"version-history":[{"count":3,"href":"https:\/\/solivexa.com\/es\/wp-json\/wp\/v2\/product\/6395\/revisions"}],"predecessor-version":[{"id":6435,"href":"https:\/\/solivexa.com\/es\/wp-json\/wp\/v2\/product\/6395\/revisions\/6435"}],"wp:featuredmedia":[{"embeddable":true,"href":"https:\/\/solivexa.com\/es\/wp-json\/wp\/v2\/media\/6396"}],"wp:attachment":[{"href":"https:\/\/solivexa.com\/es\/wp-json\/wp\/v2\/media?parent=6395"}],"wp:term":[{"taxonomy":"brand","embeddable":true,"href":"https:\/\/solivexa.com\/es\/wp-json\/wp\/v2\/etheme_brands?post=6395"},{"taxonomy":"product_brand","embeddable":true,"href":"https:\/\/solivexa.com\/es\/wp-json\/wp\/v2\/product_brand?post=6395"},{"taxonomy":"product_cat","embeddable":true,"href":"https:\/\/solivexa.com\/es\/wp-json\/wp\/v2\/product_cat?post=6395"},{"taxonomy":"product_tag","embeddable":true,"href":"https:\/\/solivexa.com\/es\/wp-json\/wp\/v2\/product_tag?post=6395"}],"curies":[{"name":"wp","href":"https:\/\/api.w.org\/{rel}","templated":true}]}}