{"id":6411,"date":"2026-04-15T13:28:53","date_gmt":"2026-04-15T13:28:53","guid":{"rendered":"https:\/\/solivexa.com\/?post_type=product&#038;p=6411"},"modified":"2026-04-15T14:21:54","modified_gmt":"2026-04-15T14:21:54","slug":"samsung-galaxy-z-flip-4-5g-us-version-128gb-bora-purple-unlocked-renewed","status":"publish","type":"product","link":"https:\/\/solivexa.com\/es\/producto\/samsung-galaxy-z-flip-4-5g-us-version-128gb-bora-purple-unlocked-renewed\/","title":{"rendered":"Samsung Galaxy Z Flip 4 5G. Versi\u00f3n EE. UU. 128 GB. Morado Bora \u2013 Desbloqueado (Renovado)"},"content":{"rendered":"<div id=\"feature-bullets\">\n<div id=\"productDescription_feature_div\" class=\"celwidget pd_rd_w-CVRgl pd_rd_r-N64864PEBTEJG0M5A1YV pd_rd_wg-Kd3tr\" data-feature-name=\"productDescription-3\" data-csa-c-type=\"widget\" data-csa-c-content-id=\"productDescription-3\" data-csa-c-slot-id=\"productDescription_feature_div\" data-csa-c-asin=\"B0BKTWLR31\" data-csa-c-is-in-initial-active-row=\"false\" data-csa-c-id=\"9wocg0-jc9o73-f5i8dh-70wnxq\">\n<div>\n<div id=\"productDescription_feature_div\" class=\"a-row feature\" data-feature-name=\"productDescription\" data-template-name=\"productDescription\">\n<h2 class=\"default\">Descripci\u00f3n del producto<\/h2>\n<div id=\"productDescription\" class=\"a-section a-spacing-small\">\n<p>El Samsung Galaxy Z Flip 4 cuenta con una pantalla principal AMOLED plegable de 6.7 pulgadas, chip Snapdragon 8+ Gen 1, 8 GB de RAM, almacenamiento de 128\/256\/512 GB, un sistema de c\u00e1mara trasera dual de 12 MP, una c\u00e1mara frontal de 10 MP y una bater\u00eda de 3700 mAh con carga r\u00e1pida de 25 W, todo en un dise\u00f1o compacto resistente al agua con clasificaci\u00f3n IPX8 y una pantalla secundaria m\u00e1s peque\u00f1a de 1.9 pulgadas.<\/p>\n<\/div>\n<\/div>\n<\/div>\n<\/div>\n<div id=\"renewedProgramDescriptionBtf_feature_div\" class=\"celwidget pd_rd_w-gqqEr pd_rd_r-N64864PEBTEJG0M5A1YV pd_rd_wg-Kd3tr\" data-feature-name=\"renewedProgramDescriptionBtf_HIT\" data-csa-c-type=\"widget\" data-csa-c-content-id=\"renewedProgramDescriptionBtf_HIT\" data-csa-c-slot-id=\"renewedProgramDescriptionBtf_feature_div\" data-csa-c-asin=\"B0BKTWLR31\" data-csa-c-is-in-initial-active-row=\"false\" data-csa-c-id=\"9ah2we-19fvcs-cp5jk9-ck1tkr\">\n<div class=\"renewedOfferConsistency\">\n<div class=\"RENEWED_TIER_2_offerConsistency renewedOfferConsistencyIndex_0\">\n<div id=\"RENEWED_TIER_2_renewedProgramDescriptionBtfSection\" class=\"a-section a-spacing-medium a-spacing-top-base\">\n<hr class=\"a-divider-normal\" aria-hidden=\"true\" \/>\n<div class=\"a-section a-text-center\">\n<h3 data-section-id=\"m9h1s\" data-start=\"92\" data-end=\"121\"><img decoding=\"async\" src=\"https:\/\/m.media-amazon.com\/images\/I\/11X1grO0K6L.png\" \/><br \/>\n\u00bfQu\u00e9 es Solivexa Renovada?<\/h3>\n<p data-start=\"123\" data-end=\"261\">Solivexa Renovado es tu destino de confianza para productos que son inspeccionados, probados y reacondicionados seg\u00fan sea necesario para que est\u00e9n completamente funcionales.<\/p>\n<hr data-start=\"263\" data-end=\"266\" \/>\n<h3 data-section-id=\"vtbu2k\" data-start=\"268\" data-end=\"294\"><img decoding=\"async\" src=\"https:\/\/m.media-amazon.com\/images\/I\/11m5NyTwLVL.png\" \/><br \/>\nCalidad que puedes pagar<\/h3>\n<p data-start=\"296\" data-end=\"388\">Los productos Solivexa Renewed ofrecen una opci\u00f3n accesible para que ahorres en las marcas que te encantan.<\/p>\n<hr data-start=\"390\" data-end=\"393\" \/>\n<h3 data-section-id=\"1v8jfd1\" data-start=\"395\" data-end=\"421\"><img decoding=\"async\" src=\"https:\/\/m.media-amazon.com\/images\/I\/11MpO5lMksL.png\" \/><br \/>\nProductos en los que puedes confiar<\/h3>\n<p data-start=\"423\" data-end=\"550\">Todos los productos han sido inspeccionados, probados, limpiados y reacondicionados profesionalmente seg\u00fan sea necesario por proveedores calificados de Solivexa.<\/p>\n<hr data-start=\"552\" data-end=\"555\" \/>\n<h3 data-section-id=\"1qcswgh\" data-start=\"557\" data-end=\"585\"><img decoding=\"async\" src=\"https:\/\/m.media-amazon.com\/images\/I\/118nlf+F3RL.png\" \/><br \/>\nCompras con impacto<\/h3>\n<p data-start=\"587\" data-end=\"684\">Tu compra renovada de Solivexa extiende la vida \u00fatil de este producto y reduce los residuos electr\u00f3nicos.<\/p>\n<hr data-start=\"686\" data-end=\"689\" \/>\n<h3 data-section-id=\"jywpr1\" data-start=\"691\" data-end=\"711\">Cobertura confiable<\/h3>\n<p data-start=\"713\" data-end=\"848\">Tu compra es elegible para la cobertura Solivexa Renovado, en conjunto con la Pol\u00edtica de Devoluciones de Solivexa y la garant\u00eda de protecci\u00f3n al cliente.<\/p>\n<hr data-start=\"850\" data-end=\"853\" \/>\n<h3 data-section-id=\"5xo9y0\" data-start=\"855\" data-end=\"925\">\u00bfQu\u00e9 debo esperar recibir con mi compra de Solivexa Renovada?<\/h3>\n<p data-start=\"927\" data-end=\"1224\">Todas las compras de Solivexa Renovado incluir\u00e1n accesorios equivalentes a los que se enviaron en la caja cuando era nuevo. Es posible que estos art\u00edculos no sean originales, pero ser\u00e1n compatibles y totalmente funcionales. Los productos Solivexa Renovado se empaquetar\u00e1n en su embalaje original o en una caja de cart\u00f3n nueva y limpia.<\/p>\n<hr data-start=\"1226\" data-end=\"1229\" \/>\n<h3 data-section-id=\"njplt2\" data-start=\"1231\" data-end=\"1247\">A\u00f1o del modelo<\/h3>\n<p data-start=\"1248\" data-end=\"1252\">2022<\/p>\n<\/div>\n<\/div>\n<\/div>\n<\/div>\n<\/div>\n<\/div>","protected":false},"excerpt":{"rendered":"<p>&#8230;<\/p>","protected":false},"featured_media":6412,"comment_status":"open","ping_status":"closed","template":"","meta":[],"etheme_brands":[],"product_brand":[],"product_cat":[138],"product_tag":[139],"class_list":{"0":"post-6411","1":"product","2":"type-product","3":"status-publish","4":"has-post-thumbnail","6":"product_cat-phone","7":"product_tag-phone","9":"first","10":"instock","11":"sale","12":"shipping-taxable","13":"purchasable","14":"product-type-variable","15":"has-default-attributes"},"_links":{"self":[{"href":"https:\/\/solivexa.com\/es\/wp-json\/wp\/v2\/product\/6411","targetHints":{"allow":["GET"]}}],"collection":[{"href":"https:\/\/solivexa.com\/es\/wp-json\/wp\/v2\/product"}],"about":[{"href":"https:\/\/solivexa.com\/es\/wp-json\/wp\/v2\/types\/product"}],"replies":[{"embeddable":true,"href":"https:\/\/solivexa.com\/es\/wp-json\/wp\/v2\/comments?post=6411"}],"version-history":[{"count":4,"href":"https:\/\/solivexa.com\/es\/wp-json\/wp\/v2\/product\/6411\/revisions"}],"predecessor-version":[{"id":6443,"href":"https:\/\/solivexa.com\/es\/wp-json\/wp\/v2\/product\/6411\/revisions\/6443"}],"wp:featuredmedia":[{"embeddable":true,"href":"https:\/\/solivexa.com\/es\/wp-json\/wp\/v2\/media\/6412"}],"wp:attachment":[{"href":"https:\/\/solivexa.com\/es\/wp-json\/wp\/v2\/media?parent=6411"}],"wp:term":[{"taxonomy":"brand","embeddable":true,"href":"https:\/\/solivexa.com\/es\/wp-json\/wp\/v2\/etheme_brands?post=6411"},{"taxonomy":"product_brand","embeddable":true,"href":"https:\/\/solivexa.com\/es\/wp-json\/wp\/v2\/product_brand?post=6411"},{"taxonomy":"product_cat","embeddable":true,"href":"https:\/\/solivexa.com\/es\/wp-json\/wp\/v2\/product_cat?post=6411"},{"taxonomy":"product_tag","embeddable":true,"href":"https:\/\/solivexa.com\/es\/wp-json\/wp\/v2\/product_tag?post=6411"}],"curies":[{"name":"wp","href":"https:\/\/api.w.org\/{rel}","templated":true}]}}